{"id":14045,"date":"2026-03-24T16:43:32","date_gmt":"2026-03-24T15:43:32","guid":{"rendered":"https:\/\/www.ablease.be\/?post_type=product&#038;p=14045"},"modified":"2026-03-25T09:49:49","modified_gmt":"2026-03-25T08:49:49","slug":"porsche-taycan-4s-sport-turismo-kopie","status":"publish","type":"product","link":"https:\/\/www.ablease.be\/fr\/product\/porsche-taycan-4s-sport-turismo-kopie\/","title":{"rendered":"PORSCHE Taycan 4S Sport Turismo"},"content":{"rendered":"<p>Vivez l\u2019alliance parfaite entre performance Porsche et confort au quotidien avec cette Porsche Taycan 4S Sport Turismo, fabriqu\u00e9e le 29\/11\/2022 et affichant 46 500 km. \u00c9l\u00e9gante et pratique gr\u00e2ce \u00e0 sa silhouette Sport Turismo, elle offre des acc\u00e9l\u00e9rations saisissantes tout en restant id\u00e9ale pour la vie de tous les jours. Profitez de l\u2019assistance Surround View avec parking actif (BMS) pour des man\u0153uvres faciles, d\u2019un \u00e9cran passager pour un confort num\u00e9rique partag\u00e9 et du syst\u00e8me BOSE\u00ae Surround Sound (BMS) pour une exp\u00e9rience audio exceptionnelle \u00e0 chaque trajet.  <\/p>\n<p>Nous proposons ce v\u00e9hicule sous contrat de leasing, flexible jusqu\u2019\u00e0 un maximum de 36 mois. L\u2019entretien a \u00e9t\u00e9 suivi avec soin, l\u2019\u00e9tat est excellent et le comportement routier est typiquement Porsche : d\u2019une r\u00e9activit\u00e9 impressionnante avec une souplesse \u00e9lectrique raffin\u00e9e. Pour les amateurs de sports d\u2019hiver, un jeu de jantes suppl\u00e9mentaire mont\u00e9 de pneus hiver neufs est \u00e9galement fourni. Les jantes d\u2019origine sont elles aussi \u00e9quip\u00e9es de pneus neufs : vous \u00eates donc serein(e) pour un bon moment. Vous souhaitez rouler dans une Porsche confortable et technologiquement compl\u00e8te sans vous engager sur la dur\u00e9e totale d\u2019un nouveau contrat ? Contactez\u2011nous d\u00e8s aujourd\u2019hui pour le tarif mensuel, un essai et des photos suppl\u00e9mentaires \u2014 cet exemplaire attire rapidement l\u2019attention et ne restera pas disponible longtemps.      <\/p>\n","protected":false},"excerpt":{"rendered":"<p>Vivez l\u2019alliance parfaite entre performance Porsche et confort au quotidien avec cette Porsche Taycan 4S Sport Turismo, fabriqu\u00e9e le 29\/11\/2022 et affichant 46 500 km. \u00c9l\u00e9gante et pratique gr\u00e2ce \u00e0 sa silhouette Sport Turismo, elle offre des acc\u00e9l\u00e9rations saisissantes tout en restant id\u00e9ale pour la vie de tous les jours. Profitez de l\u2019assistance Surround View [&hellip;]<\/p>\n","protected":false},"featured_media":14093,"comment_status":"closed","ping_status":"closed","template":"","meta":[],"product_brand":[120],"product_cat":[245,251],"product_tag":[],"class_list":{"0":"post-14045","1":"product","2":"type-product","3":"status-publish","4":"has-post-thumbnail","6":"product_brand-porsche","7":"product_cat-porsche-fr","8":"product_cat-taycan-fr","10":"first","11":"instock","12":"featured","13":"shipping-taxable","14":"purchasable","15":"product-type-simple"},"yoast_head":"<!-- This site is optimized with the Yoast SEO plugin v26.5 - https:\/\/yoast.com\/wordpress\/plugins\/seo\/ -->\n<title>PORSCHE Taycan 4S Sport Turismo - AB Lease<\/title>\n<meta name=\"robots\" content=\"index, follow, max-snippet:-1, max-image-preview:large, max-video-preview:-1\" \/>\n<link rel=\"canonical\" href=\"https:\/\/www.ablease.be\/fr\/product\/porsche-taycan-4s-sport-turismo-kopie\/\" \/>\n<meta property=\"og:locale\" content=\"fr_FR\" \/>\n<meta property=\"og:type\" content=\"article\" \/>\n<meta property=\"og:title\" content=\"PORSCHE Taycan 4S Sport Turismo - AB Lease\" \/>\n<meta property=\"og:description\" content=\"Vivez l\u2019alliance parfaite entre performance Porsche et confort au quotidien avec cette Porsche Taycan 4S Sport Turismo, fabriqu\u00e9e le 29\/11\/2022 et affichant 46 500 km. \u00c9l\u00e9gante et pratique gr\u00e2ce \u00e0 sa silhouette Sport Turismo, elle offre des acc\u00e9l\u00e9rations saisissantes tout en restant id\u00e9ale pour la vie de tous les jours. Profitez de l\u2019assistance Surround View [&hellip;]\" \/>\n<meta property=\"og:url\" content=\"https:\/\/www.ablease.be\/fr\/product\/porsche-taycan-4s-sport-turismo-kopie\/\" \/>\n<meta property=\"og:site_name\" content=\"AB Lease\" \/>\n<meta property=\"article:modified_time\" content=\"2026-03-25T08:49:49+00:00\" \/>\n<meta property=\"og:image\" content=\"https:\/\/www.ablease.be\/wp-content\/uploads\/2026\/03\/16_ab_lease_Porsche_Taycan_4S_Sport_Turismo-1.webp\" \/>\n\t<meta property=\"og:image:width\" content=\"1905\" \/>\n\t<meta property=\"og:image:height\" content=\"1295\" \/>\n\t<meta property=\"og:image:type\" content=\"image\/webp\" \/>\n<meta name=\"twitter:card\" content=\"summary_large_image\" \/>\n<meta name=\"twitter:label1\" content=\"Dur\u00e9e de lecture estim\u00e9e\" \/>\n\t<meta name=\"twitter:data1\" content=\"1 minute\" \/>\n<script type=\"application\/ld+json\" class=\"yoast-schema-graph\">{\"@context\":\"https:\/\/schema.org\",\"@graph\":[{\"@type\":\"WebPage\",\"@id\":\"https:\/\/www.ablease.be\/fr\/product\/porsche-taycan-4s-sport-turismo-kopie\/\",\"url\":\"https:\/\/www.ablease.be\/fr\/product\/porsche-taycan-4s-sport-turismo-kopie\/\",\"name\":\"PORSCHE Taycan 4S Sport Turismo - AB Lease\",\"isPartOf\":{\"@id\":\"https:\/\/www.ablease.be\/fr\/#website\"},\"primaryImageOfPage\":{\"@id\":\"https:\/\/www.ablease.be\/fr\/product\/porsche-taycan-4s-sport-turismo-kopie\/#primaryimage\"},\"image\":{\"@id\":\"https:\/\/www.ablease.be\/fr\/product\/porsche-taycan-4s-sport-turismo-kopie\/#primaryimage\"},\"thumbnailUrl\":\"https:\/\/www.ablease.be\/wp-content\/uploads\/2026\/03\/16_ab_lease_Porsche_Taycan_4S_Sport_Turismo-1.webp\",\"datePublished\":\"2026-03-24T15:43:32+00:00\",\"dateModified\":\"2026-03-25T08:49:49+00:00\",\"breadcrumb\":{\"@id\":\"https:\/\/www.ablease.be\/fr\/product\/porsche-taycan-4s-sport-turismo-kopie\/#breadcrumb\"},\"inLanguage\":\"fr-FR\",\"potentialAction\":[{\"@type\":\"ReadAction\",\"target\":[\"https:\/\/www.ablease.be\/fr\/product\/porsche-taycan-4s-sport-turismo-kopie\/\"]}]},{\"@type\":\"ImageObject\",\"inLanguage\":\"fr-FR\",\"@id\":\"https:\/\/www.ablease.be\/fr\/product\/porsche-taycan-4s-sport-turismo-kopie\/#primaryimage\",\"url\":\"https:\/\/www.ablease.be\/wp-content\/uploads\/2026\/03\/16_ab_lease_Porsche_Taycan_4S_Sport_Turismo-1.webp\",\"contentUrl\":\"https:\/\/www.ablease.be\/wp-content\/uploads\/2026\/03\/16_ab_lease_Porsche_Taycan_4S_Sport_Turismo-1.webp\",\"width\":1905,\"height\":1295},{\"@type\":\"BreadcrumbList\",\"@id\":\"https:\/\/www.ablease.be\/fr\/product\/porsche-taycan-4s-sport-turismo-kopie\/#breadcrumb\",\"itemListElement\":[{\"@type\":\"ListItem\",\"position\":1,\"name\":\"Home\",\"item\":\"https:\/\/www.ablease.be\/fr\/\"},{\"@type\":\"ListItem\",\"position\":2,\"name\":\"Recherche voitures\",\"item\":\"https:\/\/www.ablease.be\/fr\/recherche-voitures\/\"},{\"@type\":\"ListItem\",\"position\":3,\"name\":\"PORSCHE Taycan 4S Sport Turismo\"}]},{\"@type\":\"WebSite\",\"@id\":\"https:\/\/www.ablease.be\/fr\/#website\",\"url\":\"https:\/\/www.ablease.be\/fr\/\",\"name\":\"AB Lease\",\"description\":\"\",\"publisher\":{\"@id\":\"https:\/\/www.ablease.be\/fr\/#organization\"},\"potentialAction\":[{\"@type\":\"SearchAction\",\"target\":{\"@type\":\"EntryPoint\",\"urlTemplate\":\"https:\/\/www.ablease.be\/fr\/?s={search_term_string}\"},\"query-input\":{\"@type\":\"PropertyValueSpecification\",\"valueRequired\":true,\"valueName\":\"search_term_string\"}}],\"inLanguage\":\"fr-FR\"},{\"@type\":\"Organization\",\"@id\":\"https:\/\/www.ablease.be\/fr\/#organization\",\"name\":\"AB Lease\",\"url\":\"https:\/\/www.ablease.be\/fr\/\",\"logo\":{\"@type\":\"ImageObject\",\"inLanguage\":\"fr-FR\",\"@id\":\"https:\/\/www.ablease.be\/fr\/#\/schema\/logo\/image\/\",\"url\":\"https:\/\/www.ablease.be\/wp-content\/uploads\/2022\/07\/ablogo.webp\",\"contentUrl\":\"https:\/\/www.ablease.be\/wp-content\/uploads\/2022\/07\/ablogo.webp\",\"width\":284,\"height\":137,\"caption\":\"AB Lease\"},\"image\":{\"@id\":\"https:\/\/www.ablease.be\/fr\/#\/schema\/logo\/image\/\"}}]}<\/script>\n<!-- \/ Yoast SEO plugin. -->","yoast_head_json":{"title":"PORSCHE Taycan 4S Sport Turismo - AB Lease","robots":{"index":"index","follow":"follow","max-snippet":"max-snippet:-1","max-image-preview":"max-image-preview:large","max-video-preview":"max-video-preview:-1"},"canonical":"https:\/\/www.ablease.be\/fr\/product\/porsche-taycan-4s-sport-turismo-kopie\/","og_locale":"fr_FR","og_type":"article","og_title":"PORSCHE Taycan 4S Sport Turismo - AB Lease","og_description":"Vivez l\u2019alliance parfaite entre performance Porsche et confort au quotidien avec cette Porsche Taycan 4S Sport Turismo, fabriqu\u00e9e le 29\/11\/2022 et affichant 46 500 km. \u00c9l\u00e9gante et pratique gr\u00e2ce \u00e0 sa silhouette Sport Turismo, elle offre des acc\u00e9l\u00e9rations saisissantes tout en restant id\u00e9ale pour la vie de tous les jours. Profitez de l\u2019assistance Surround View [&hellip;]","og_url":"https:\/\/www.ablease.be\/fr\/product\/porsche-taycan-4s-sport-turismo-kopie\/","og_site_name":"AB Lease","article_modified_time":"2026-03-25T08:49:49+00:00","og_image":[{"width":1905,"height":1295,"url":"https:\/\/www.ablease.be\/wp-content\/uploads\/2026\/03\/16_ab_lease_Porsche_Taycan_4S_Sport_Turismo-1.webp","type":"image\/webp"}],"twitter_card":"summary_large_image","twitter_misc":{"Dur\u00e9e de lecture estim\u00e9e":"1 minute"},"schema":{"@context":"https:\/\/schema.org","@graph":[{"@type":"WebPage","@id":"https:\/\/www.ablease.be\/fr\/product\/porsche-taycan-4s-sport-turismo-kopie\/","url":"https:\/\/www.ablease.be\/fr\/product\/porsche-taycan-4s-sport-turismo-kopie\/","name":"PORSCHE Taycan 4S Sport Turismo - AB Lease","isPartOf":{"@id":"https:\/\/www.ablease.be\/fr\/#website"},"primaryImageOfPage":{"@id":"https:\/\/www.ablease.be\/fr\/product\/porsche-taycan-4s-sport-turismo-kopie\/#primaryimage"},"image":{"@id":"https:\/\/www.ablease.be\/fr\/product\/porsche-taycan-4s-sport-turismo-kopie\/#primaryimage"},"thumbnailUrl":"https:\/\/www.ablease.be\/wp-content\/uploads\/2026\/03\/16_ab_lease_Porsche_Taycan_4S_Sport_Turismo-1.webp","datePublished":"2026-03-24T15:43:32+00:00","dateModified":"2026-03-25T08:49:49+00:00","breadcrumb":{"@id":"https:\/\/www.ablease.be\/fr\/product\/porsche-taycan-4s-sport-turismo-kopie\/#breadcrumb"},"inLanguage":"fr-FR","potentialAction":[{"@type":"ReadAction","target":["https:\/\/www.ablease.be\/fr\/product\/porsche-taycan-4s-sport-turismo-kopie\/"]}]},{"@type":"ImageObject","inLanguage":"fr-FR","@id":"https:\/\/www.ablease.be\/fr\/product\/porsche-taycan-4s-sport-turismo-kopie\/#primaryimage","url":"https:\/\/www.ablease.be\/wp-content\/uploads\/2026\/03\/16_ab_lease_Porsche_Taycan_4S_Sport_Turismo-1.webp","contentUrl":"https:\/\/www.ablease.be\/wp-content\/uploads\/2026\/03\/16_ab_lease_Porsche_Taycan_4S_Sport_Turismo-1.webp","width":1905,"height":1295},{"@type":"BreadcrumbList","@id":"https:\/\/www.ablease.be\/fr\/product\/porsche-taycan-4s-sport-turismo-kopie\/#breadcrumb","itemListElement":[{"@type":"ListItem","position":1,"name":"Home","item":"https:\/\/www.ablease.be\/fr\/"},{"@type":"ListItem","position":2,"name":"Recherche voitures","item":"https:\/\/www.ablease.be\/fr\/recherche-voitures\/"},{"@type":"ListItem","position":3,"name":"PORSCHE Taycan 4S Sport Turismo"}]},{"@type":"WebSite","@id":"https:\/\/www.ablease.be\/fr\/#website","url":"https:\/\/www.ablease.be\/fr\/","name":"AB Lease","description":"","publisher":{"@id":"https:\/\/www.ablease.be\/fr\/#organization"},"potentialAction":[{"@type":"SearchAction","target":{"@type":"EntryPoint","urlTemplate":"https:\/\/www.ablease.be\/fr\/?s={search_term_string}"},"query-input":{"@type":"PropertyValueSpecification","valueRequired":true,"valueName":"search_term_string"}}],"inLanguage":"fr-FR"},{"@type":"Organization","@id":"https:\/\/www.ablease.be\/fr\/#organization","name":"AB Lease","url":"https:\/\/www.ablease.be\/fr\/","logo":{"@type":"ImageObject","inLanguage":"fr-FR","@id":"https:\/\/www.ablease.be\/fr\/#\/schema\/logo\/image\/","url":"https:\/\/www.ablease.be\/wp-content\/uploads\/2022\/07\/ablogo.webp","contentUrl":"https:\/\/www.ablease.be\/wp-content\/uploads\/2022\/07\/ablogo.webp","width":284,"height":137,"caption":"AB Lease"},"image":{"@id":"https:\/\/www.ablease.be\/fr\/#\/schema\/logo\/image\/"}}]}},"_links":{"self":[{"href":"https:\/\/www.ablease.be\/fr\/wp-json\/wp\/v2\/product\/14045","targetHints":{"allow":["GET"]}}],"collection":[{"href":"https:\/\/www.ablease.be\/fr\/wp-json\/wp\/v2\/product"}],"about":[{"href":"https:\/\/www.ablease.be\/fr\/wp-json\/wp\/v2\/types\/product"}],"replies":[{"embeddable":true,"href":"https:\/\/www.ablease.be\/fr\/wp-json\/wp\/v2\/comments?post=14045"}],"wp:featuredmedia":[{"embeddable":true,"href":"https:\/\/www.ablease.be\/fr\/wp-json\/wp\/v2\/media\/14093"}],"wp:attachment":[{"href":"https:\/\/www.ablease.be\/fr\/wp-json\/wp\/v2\/media?parent=14045"}],"wp:term":[{"taxonomy":"product_brand","embeddable":true,"href":"https:\/\/www.ablease.be\/fr\/wp-json\/wp\/v2\/product_brand?post=14045"},{"taxonomy":"product_cat","embeddable":true,"href":"https:\/\/www.ablease.be\/fr\/wp-json\/wp\/v2\/product_cat?post=14045"},{"taxonomy":"product_tag","embeddable":true,"href":"https:\/\/www.ablease.be\/fr\/wp-json\/wp\/v2\/product_tag?post=14045"}],"curies":[{"name":"wp","href":"https:\/\/api.w.org\/{rel}","templated":true}]}}