{"id":13747,"date":"2026-02-10T16:07:16","date_gmt":"2026-02-10T15:07:16","guid":{"rendered":"https:\/\/www.ablease.be\/product\/peugeot-partner-standard-light-1-5-bluehdi-130-ss-eat8-aut\/"},"modified":"2026-02-10T16:07:16","modified_gmt":"2026-02-10T15:07:16","slug":"peugeot-partner-standard-light-1-5-bluehdi-130-ss-eat8-aut","status":"publish","type":"product","link":"https:\/\/www.ablease.be\/fr\/product\/peugeot-partner-standard-light-1-5-bluehdi-130-ss-eat8-aut\/","title":{"rendered":"PEUGEOT Partner Standard Light 1.5 BlueHDi 130 S&amp;S EAT8 Aut."},"content":{"rendered":"<p>Au quotidien, le Peugeot Partner Standard Light 1.5 BlueHDi 130 S&amp;S EAT8 est un utilitaire pratique, \u00e9conomique et confortable. Vous trouverez ci-dessous un aper\u00e7u de son comportement dans diff\u00e9rentes situations de la vie courante, avec une attention particuli\u00e8re pour la banquette avant 3 places avec si\u00e8ges chauffants, les deux portes lat\u00e9rales coulissantes et les portes arri\u00e8re s&rsquo;ouvrant \u00e0 180\u00b0. <\/p>\n<p>Le 1.5 BlueHDi 130 avec S&amp;S (Start &amp; Stop) et transmission automatique EAT8 offre des trajets fluides et d\u00e9tendus en ville et sur l&rsquo;autoroute. Le moteur diesel d\u00e9livre suffisamment de couple pour les charges compl\u00e8tes ou la traction de remorques l\u00e9g\u00e8res, tandis que la consommation de carburant reste g\u00e9n\u00e9ralement favorable. <\/p>\n<p>Deux portes coulissantes lat\u00e9rales (gauche et droite) permettent le chargement et le d\u00e9chargement des deux c\u00f4t\u00e9s de la rue ou sur un chantier. Il n&rsquo;est pas n\u00e9cessaire de contourner le chariot lorsque celui-ci est gar\u00e9 en bordure de trottoir ou \u00e0 c\u00f4t\u00e9 d&rsquo;une porte, ce qui permet de gagner du temps lors des arr\u00eats fr\u00e9quents. <\/p>\n<p>Acc\u00e8s total \u00e0 l&rsquo;espace de chargement : les portes arri\u00e8re qui s&rsquo;ouvrent jusqu&rsquo;\u00e0 180\u00b0 permettent d&rsquo;acc\u00e9der sans entrave \u00e0 l&rsquo;ensemble de l&rsquo;espace de chargement. Cela simplifie le chargement avec, par exemple, des chariots, des grues ou lorsque vous souhaitez placer des objets plus volumineux en un seul mouvement. <\/p>\n<p>En bref Le Peugeot Partner Standard Light 1.5 BlueHDi 130 S&amp;S EAT8 est un utilitaire \u00e9quilibr\u00e9 pour un usage professionnel quotidien : \u00e9conomique et robuste pour les charges utiles, compact et maniable en milieu urbain, confortable pour les longues journ\u00e9es de conduite et extr\u00eamement pratique gr\u00e2ce \u00e0 ses si\u00e8ges chauffants 3 places, ses doubles portes lat\u00e9rales coulissantes et ses portes arri\u00e8re \u00e0 180\u00b0, autant d&rsquo;\u00e9l\u00e9ments qui augmentent l&rsquo;efficacit\u00e9 op\u00e9rationnelle, la s\u00e9curit\u00e9 et le confort.<\/p>\n","protected":false},"excerpt":{"rendered":"<p>Au quotidien, le Peugeot Partner Standard Light 1.5 BlueHDi 130 S&amp;S EAT8 est un utilitaire pratique, \u00e9conomique et confortable. Vous trouverez ci-dessous un aper\u00e7u de son comportement dans diff\u00e9rentes situations de la vie courante, avec une attention particuli\u00e8re pour la banquette avant 3 places avec si\u00e8ges chauffants, les deux portes lat\u00e9rales coulissantes et les portes [&hellip;]<\/p>\n","protected":false},"featured_media":13564,"comment_status":"closed","ping_status":"closed","template":"","meta":[],"product_brand":[309],"product_cat":[318,317],"product_tag":[262],"class_list":{"0":"post-13747","1":"product","2":"type-product","3":"status-publish","4":"has-post-thumbnail","6":"product_brand-peugeot","7":"product_cat-partner","8":"product_cat-peugeot","9":"product_tag-home-fr","11":"first","12":"instock","13":"shipping-taxable","14":"purchasable","15":"product-type-simple"},"yoast_head":"<!-- This site is optimized with the Yoast SEO plugin v26.5 - https:\/\/yoast.com\/wordpress\/plugins\/seo\/ -->\n<title>PEUGEOT Partner Standard Light 1.5 BlueHDi 130 S&amp;S EAT8 Aut. - AB Lease<\/title>\n<meta name=\"robots\" content=\"index, follow, max-snippet:-1, max-image-preview:large, max-video-preview:-1\" \/>\n<link rel=\"canonical\" href=\"https:\/\/www.ablease.be\/fr\/product\/peugeot-partner-standard-light-1-5-bluehdi-130-ss-eat8-aut\/\" \/>\n<meta property=\"og:locale\" content=\"fr_FR\" \/>\n<meta property=\"og:type\" content=\"article\" \/>\n<meta property=\"og:title\" content=\"PEUGEOT Partner Standard Light 1.5 BlueHDi 130 S&amp;S EAT8 Aut. - AB Lease\" \/>\n<meta property=\"og:description\" content=\"Au quotidien, le Peugeot Partner Standard Light 1.5 BlueHDi 130 S&amp;S EAT8 est un utilitaire pratique, \u00e9conomique et confortable. Vous trouverez ci-dessous un aper\u00e7u de son comportement dans diff\u00e9rentes situations de la vie courante, avec une attention particuli\u00e8re pour la banquette avant 3 places avec si\u00e8ges chauffants, les deux portes lat\u00e9rales coulissantes et les portes [&hellip;]\" \/>\n<meta property=\"og:url\" content=\"https:\/\/www.ablease.be\/fr\/product\/peugeot-partner-standard-light-1-5-bluehdi-130-ss-eat8-aut\/\" \/>\n<meta property=\"og:site_name\" content=\"AB Lease\" \/>\n<meta property=\"og:image\" content=\"https:\/\/www.ablease.be\/wp-content\/uploads\/2026\/02\/01_ab_lease_Peugeot_Partner_Standard_Light_1.5_BlueHDi_130_SS_EAT8.webp\" \/>\n\t<meta property=\"og:image:width\" content=\"1000\" \/>\n\t<meta property=\"og:image:height\" content=\"680\" \/>\n\t<meta property=\"og:image:type\" content=\"image\/webp\" \/>\n<meta name=\"twitter:card\" content=\"summary_large_image\" \/>\n<meta name=\"twitter:label1\" content=\"Dur\u00e9e de lecture estim\u00e9e\" \/>\n\t<meta name=\"twitter:data1\" content=\"2 minutes\" \/>\n<script type=\"application\/ld+json\" class=\"yoast-schema-graph\">{\"@context\":\"https:\/\/schema.org\",\"@graph\":[{\"@type\":\"WebPage\",\"@id\":\"https:\/\/www.ablease.be\/fr\/product\/peugeot-partner-standard-light-1-5-bluehdi-130-ss-eat8-aut\/\",\"url\":\"https:\/\/www.ablease.be\/fr\/product\/peugeot-partner-standard-light-1-5-bluehdi-130-ss-eat8-aut\/\",\"name\":\"PEUGEOT Partner Standard Light 1.5 BlueHDi 130 S&amp;S EAT8 Aut. - AB Lease\",\"isPartOf\":{\"@id\":\"https:\/\/www.ablease.be\/fr\/#website\"},\"primaryImageOfPage\":{\"@id\":\"https:\/\/www.ablease.be\/fr\/product\/peugeot-partner-standard-light-1-5-bluehdi-130-ss-eat8-aut\/#primaryimage\"},\"image\":{\"@id\":\"https:\/\/www.ablease.be\/fr\/product\/peugeot-partner-standard-light-1-5-bluehdi-130-ss-eat8-aut\/#primaryimage\"},\"thumbnailUrl\":\"https:\/\/www.ablease.be\/wp-content\/uploads\/2026\/02\/01_ab_lease_Peugeot_Partner_Standard_Light_1.5_BlueHDi_130_SS_EAT8.webp\",\"datePublished\":\"2026-02-10T15:07:16+00:00\",\"breadcrumb\":{\"@id\":\"https:\/\/www.ablease.be\/fr\/product\/peugeot-partner-standard-light-1-5-bluehdi-130-ss-eat8-aut\/#breadcrumb\"},\"inLanguage\":\"fr-FR\",\"potentialAction\":[{\"@type\":\"ReadAction\",\"target\":[\"https:\/\/www.ablease.be\/fr\/product\/peugeot-partner-standard-light-1-5-bluehdi-130-ss-eat8-aut\/\"]}]},{\"@type\":\"ImageObject\",\"inLanguage\":\"fr-FR\",\"@id\":\"https:\/\/www.ablease.be\/fr\/product\/peugeot-partner-standard-light-1-5-bluehdi-130-ss-eat8-aut\/#primaryimage\",\"url\":\"https:\/\/www.ablease.be\/wp-content\/uploads\/2026\/02\/01_ab_lease_Peugeot_Partner_Standard_Light_1.5_BlueHDi_130_SS_EAT8.webp\",\"contentUrl\":\"https:\/\/www.ablease.be\/wp-content\/uploads\/2026\/02\/01_ab_lease_Peugeot_Partner_Standard_Light_1.5_BlueHDi_130_SS_EAT8.webp\",\"width\":1000,\"height\":680},{\"@type\":\"BreadcrumbList\",\"@id\":\"https:\/\/www.ablease.be\/fr\/product\/peugeot-partner-standard-light-1-5-bluehdi-130-ss-eat8-aut\/#breadcrumb\",\"itemListElement\":[{\"@type\":\"ListItem\",\"position\":1,\"name\":\"Home\",\"item\":\"https:\/\/www.ablease.be\/fr\/\"},{\"@type\":\"ListItem\",\"position\":2,\"name\":\"Recherche voitures\",\"item\":\"https:\/\/www.ablease.be\/fr\/recherche-voitures\/\"},{\"@type\":\"ListItem\",\"position\":3,\"name\":\"PEUGEOT Partner Standard Light 1.5 BlueHDi 130 S&amp;S EAT8 Aut.\"}]},{\"@type\":\"WebSite\",\"@id\":\"https:\/\/www.ablease.be\/fr\/#website\",\"url\":\"https:\/\/www.ablease.be\/fr\/\",\"name\":\"AB Lease\",\"description\":\"\",\"publisher\":{\"@id\":\"https:\/\/www.ablease.be\/fr\/#organization\"},\"potentialAction\":[{\"@type\":\"SearchAction\",\"target\":{\"@type\":\"EntryPoint\",\"urlTemplate\":\"https:\/\/www.ablease.be\/fr\/?s={search_term_string}\"},\"query-input\":{\"@type\":\"PropertyValueSpecification\",\"valueRequired\":true,\"valueName\":\"search_term_string\"}}],\"inLanguage\":\"fr-FR\"},{\"@type\":\"Organization\",\"@id\":\"https:\/\/www.ablease.be\/fr\/#organization\",\"name\":\"AB Lease\",\"url\":\"https:\/\/www.ablease.be\/fr\/\",\"logo\":{\"@type\":\"ImageObject\",\"inLanguage\":\"fr-FR\",\"@id\":\"https:\/\/www.ablease.be\/fr\/#\/schema\/logo\/image\/\",\"url\":\"https:\/\/www.ablease.be\/wp-content\/uploads\/2022\/07\/ablogo.webp\",\"contentUrl\":\"https:\/\/www.ablease.be\/wp-content\/uploads\/2022\/07\/ablogo.webp\",\"width\":284,\"height\":137,\"caption\":\"AB Lease\"},\"image\":{\"@id\":\"https:\/\/www.ablease.be\/fr\/#\/schema\/logo\/image\/\"}}]}<\/script>\n<!-- \/ Yoast SEO plugin. -->","yoast_head_json":{"title":"PEUGEOT Partner Standard Light 1.5 BlueHDi 130 S&amp;S EAT8 Aut. - AB Lease","robots":{"index":"index","follow":"follow","max-snippet":"max-snippet:-1","max-image-preview":"max-image-preview:large","max-video-preview":"max-video-preview:-1"},"canonical":"https:\/\/www.ablease.be\/fr\/product\/peugeot-partner-standard-light-1-5-bluehdi-130-ss-eat8-aut\/","og_locale":"fr_FR","og_type":"article","og_title":"PEUGEOT Partner Standard Light 1.5 BlueHDi 130 S&amp;S EAT8 Aut. - AB Lease","og_description":"Au quotidien, le Peugeot Partner Standard Light 1.5 BlueHDi 130 S&amp;S EAT8 est un utilitaire pratique, \u00e9conomique et confortable. Vous trouverez ci-dessous un aper\u00e7u de son comportement dans diff\u00e9rentes situations de la vie courante, avec une attention particuli\u00e8re pour la banquette avant 3 places avec si\u00e8ges chauffants, les deux portes lat\u00e9rales coulissantes et les portes [&hellip;]","og_url":"https:\/\/www.ablease.be\/fr\/product\/peugeot-partner-standard-light-1-5-bluehdi-130-ss-eat8-aut\/","og_site_name":"AB Lease","og_image":[{"width":1000,"height":680,"url":"https:\/\/www.ablease.be\/wp-content\/uploads\/2026\/02\/01_ab_lease_Peugeot_Partner_Standard_Light_1.5_BlueHDi_130_SS_EAT8.webp","type":"image\/webp"}],"twitter_card":"summary_large_image","twitter_misc":{"Dur\u00e9e de lecture estim\u00e9e":"2 minutes"},"schema":{"@context":"https:\/\/schema.org","@graph":[{"@type":"WebPage","@id":"https:\/\/www.ablease.be\/fr\/product\/peugeot-partner-standard-light-1-5-bluehdi-130-ss-eat8-aut\/","url":"https:\/\/www.ablease.be\/fr\/product\/peugeot-partner-standard-light-1-5-bluehdi-130-ss-eat8-aut\/","name":"PEUGEOT Partner Standard Light 1.5 BlueHDi 130 S&amp;S EAT8 Aut. - AB Lease","isPartOf":{"@id":"https:\/\/www.ablease.be\/fr\/#website"},"primaryImageOfPage":{"@id":"https:\/\/www.ablease.be\/fr\/product\/peugeot-partner-standard-light-1-5-bluehdi-130-ss-eat8-aut\/#primaryimage"},"image":{"@id":"https:\/\/www.ablease.be\/fr\/product\/peugeot-partner-standard-light-1-5-bluehdi-130-ss-eat8-aut\/#primaryimage"},"thumbnailUrl":"https:\/\/www.ablease.be\/wp-content\/uploads\/2026\/02\/01_ab_lease_Peugeot_Partner_Standard_Light_1.5_BlueHDi_130_SS_EAT8.webp","datePublished":"2026-02-10T15:07:16+00:00","breadcrumb":{"@id":"https:\/\/www.ablease.be\/fr\/product\/peugeot-partner-standard-light-1-5-bluehdi-130-ss-eat8-aut\/#breadcrumb"},"inLanguage":"fr-FR","potentialAction":[{"@type":"ReadAction","target":["https:\/\/www.ablease.be\/fr\/product\/peugeot-partner-standard-light-1-5-bluehdi-130-ss-eat8-aut\/"]}]},{"@type":"ImageObject","inLanguage":"fr-FR","@id":"https:\/\/www.ablease.be\/fr\/product\/peugeot-partner-standard-light-1-5-bluehdi-130-ss-eat8-aut\/#primaryimage","url":"https:\/\/www.ablease.be\/wp-content\/uploads\/2026\/02\/01_ab_lease_Peugeot_Partner_Standard_Light_1.5_BlueHDi_130_SS_EAT8.webp","contentUrl":"https:\/\/www.ablease.be\/wp-content\/uploads\/2026\/02\/01_ab_lease_Peugeot_Partner_Standard_Light_1.5_BlueHDi_130_SS_EAT8.webp","width":1000,"height":680},{"@type":"BreadcrumbList","@id":"https:\/\/www.ablease.be\/fr\/product\/peugeot-partner-standard-light-1-5-bluehdi-130-ss-eat8-aut\/#breadcrumb","itemListElement":[{"@type":"ListItem","position":1,"name":"Home","item":"https:\/\/www.ablease.be\/fr\/"},{"@type":"ListItem","position":2,"name":"Recherche voitures","item":"https:\/\/www.ablease.be\/fr\/recherche-voitures\/"},{"@type":"ListItem","position":3,"name":"PEUGEOT Partner Standard Light 1.5 BlueHDi 130 S&amp;S EAT8 Aut."}]},{"@type":"WebSite","@id":"https:\/\/www.ablease.be\/fr\/#website","url":"https:\/\/www.ablease.be\/fr\/","name":"AB Lease","description":"","publisher":{"@id":"https:\/\/www.ablease.be\/fr\/#organization"},"potentialAction":[{"@type":"SearchAction","target":{"@type":"EntryPoint","urlTemplate":"https:\/\/www.ablease.be\/fr\/?s={search_term_string}"},"query-input":{"@type":"PropertyValueSpecification","valueRequired":true,"valueName":"search_term_string"}}],"inLanguage":"fr-FR"},{"@type":"Organization","@id":"https:\/\/www.ablease.be\/fr\/#organization","name":"AB Lease","url":"https:\/\/www.ablease.be\/fr\/","logo":{"@type":"ImageObject","inLanguage":"fr-FR","@id":"https:\/\/www.ablease.be\/fr\/#\/schema\/logo\/image\/","url":"https:\/\/www.ablease.be\/wp-content\/uploads\/2022\/07\/ablogo.webp","contentUrl":"https:\/\/www.ablease.be\/wp-content\/uploads\/2022\/07\/ablogo.webp","width":284,"height":137,"caption":"AB Lease"},"image":{"@id":"https:\/\/www.ablease.be\/fr\/#\/schema\/logo\/image\/"}}]}},"_links":{"self":[{"href":"https:\/\/www.ablease.be\/fr\/wp-json\/wp\/v2\/product\/13747","targetHints":{"allow":["GET"]}}],"collection":[{"href":"https:\/\/www.ablease.be\/fr\/wp-json\/wp\/v2\/product"}],"about":[{"href":"https:\/\/www.ablease.be\/fr\/wp-json\/wp\/v2\/types\/product"}],"replies":[{"embeddable":true,"href":"https:\/\/www.ablease.be\/fr\/wp-json\/wp\/v2\/comments?post=13747"}],"wp:featuredmedia":[{"embeddable":true,"href":"https:\/\/www.ablease.be\/fr\/wp-json\/wp\/v2\/media\/13564"}],"wp:attachment":[{"href":"https:\/\/www.ablease.be\/fr\/wp-json\/wp\/v2\/media?parent=13747"}],"wp:term":[{"taxonomy":"product_brand","embeddable":true,"href":"https:\/\/www.ablease.be\/fr\/wp-json\/wp\/v2\/product_brand?post=13747"},{"taxonomy":"product_cat","embeddable":true,"href":"https:\/\/www.ablease.be\/fr\/wp-json\/wp\/v2\/product_cat?post=13747"},{"taxonomy":"product_tag","embeddable":true,"href":"https:\/\/www.ablease.be\/fr\/wp-json\/wp\/v2\/product_tag?post=13747"}],"curies":[{"name":"wp","href":"https:\/\/api.w.org\/{rel}","templated":true}]}}