{"id":13670,"date":"2026-02-11T17:42:17","date_gmt":"2026-02-11T16:42:17","guid":{"rendered":"https:\/\/www.ablease.be\/?post_type=product&#038;p=13670"},"modified":"2026-02-11T17:42:17","modified_gmt":"2026-02-11T16:42:17","slug":"alpine-a290-gt-premium","status":"publish","type":"product","link":"https:\/\/www.ablease.be\/fr\/product\/alpine-a290-gt-premium\/","title":{"rendered":"ALPINE A290 GT Premium"},"content":{"rendered":"<p class=\"p1\">Cette proposition de leasing est un exemple, bas\u00e9e sur le prix de base du v\u00e9hicule sans options suppl\u00e9mentaires. Chez AB Lease nous sommes pr\u00eats \u00e0 collaborer avec vous pour cr\u00e9er la voiture de vos r\u00eaves, enti\u00e8rement adapt\u00e9e \u00e0 vos souhaits et \u00e0 un tarif attractif. N&rsquo;h\u00e9sitez pas \u00e0 nous contacter pour discuter des options disponibles.<\/p>\n<p class=\"p1\">\u00cates-vous \u00e0 la recherche d\u2019une Alpine neuve ou d\u2019occasion r\u00e9cente ? Chez AB Lease, nous vous aidons volontiers \u00e0 trouver la voiture id\u00e9ale en Belgique, Allemagne ou d\u2019autres pays en Europe ? Nous proposons des offres de leasing attractives avec les meilleures conditions. Contactez-nous d\u00e8s aujourd\u2019hui pour un devis gratuit et sans engagement.<\/p>\n","protected":false},"excerpt":{"rendered":"<p>Cette proposition de leasing est un exemple, bas\u00e9e sur le prix de base du v\u00e9hicule sans options suppl\u00e9mentaires. Chez AB Lease nous sommes pr\u00eats \u00e0 collaborer avec vous pour cr\u00e9er la voiture de vos r\u00eaves, enti\u00e8rement adapt\u00e9e \u00e0 vos souhaits et \u00e0 un tarif attractif. N&rsquo;h\u00e9sitez pas \u00e0 nous contacter pour discuter des options disponibles. [&hellip;]<\/p>\n","protected":false},"featured_media":13675,"comment_status":"closed","ping_status":"closed","template":"","meta":[],"product_brand":[314],"product_cat":[316,315],"product_tag":[],"class_list":{"0":"post-13670","1":"product","2":"type-product","3":"status-publish","4":"has-post-thumbnail","6":"product_brand-alpine","7":"product_cat-a290","8":"product_cat-alpine","10":"first","11":"instock","12":"shipping-taxable","13":"purchasable","14":"product-type-simple"},"yoast_head":"<!-- This site is optimized with the Yoast SEO plugin v26.5 - https:\/\/yoast.com\/wordpress\/plugins\/seo\/ -->\n<title>ALPINE A290 GT Premium - AB Lease<\/title>\n<meta name=\"robots\" content=\"index, follow, max-snippet:-1, max-image-preview:large, max-video-preview:-1\" \/>\n<link rel=\"canonical\" href=\"https:\/\/www.ablease.be\/fr\/product\/alpine-a290-gt-premium\/\" \/>\n<meta property=\"og:locale\" content=\"fr_FR\" \/>\n<meta property=\"og:type\" content=\"article\" \/>\n<meta property=\"og:title\" content=\"ALPINE A290 GT Premium - AB Lease\" \/>\n<meta property=\"og:description\" content=\"Cette proposition de leasing est un exemple, bas\u00e9e sur le prix de base du v\u00e9hicule sans options suppl\u00e9mentaires. Chez AB Lease nous sommes pr\u00eats \u00e0 collaborer avec vous pour cr\u00e9er la voiture de vos r\u00eaves, enti\u00e8rement adapt\u00e9e \u00e0 vos souhaits et \u00e0 un tarif attractif. N&rsquo;h\u00e9sitez pas \u00e0 nous contacter pour discuter des options disponibles. [&hellip;]\" \/>\n<meta property=\"og:url\" content=\"https:\/\/www.ablease.be\/fr\/product\/alpine-a290-gt-premium\/\" \/>\n<meta property=\"og:site_name\" content=\"AB Lease\" \/>\n<meta property=\"og:image\" content=\"https:\/\/www.ablease.be\/wp-content\/uploads\/2026\/02\/Alpine-A290GT-Premium.webp\" \/>\n\t<meta property=\"og:image:width\" content=\"1000\" \/>\n\t<meta property=\"og:image:height\" content=\"563\" \/>\n\t<meta property=\"og:image:type\" content=\"image\/webp\" \/>\n<meta name=\"twitter:card\" content=\"summary_large_image\" \/>\n<meta name=\"twitter:label1\" content=\"Dur\u00e9e de lecture estim\u00e9e\" \/>\n\t<meta name=\"twitter:data1\" content=\"1 minute\" \/>\n<script type=\"application\/ld+json\" class=\"yoast-schema-graph\">{\"@context\":\"https:\/\/schema.org\",\"@graph\":[{\"@type\":\"WebPage\",\"@id\":\"https:\/\/www.ablease.be\/fr\/product\/alpine-a290-gt-premium\/\",\"url\":\"https:\/\/www.ablease.be\/fr\/product\/alpine-a290-gt-premium\/\",\"name\":\"ALPINE A290 GT Premium - AB Lease\",\"isPartOf\":{\"@id\":\"https:\/\/www.ablease.be\/fr\/#website\"},\"primaryImageOfPage\":{\"@id\":\"https:\/\/www.ablease.be\/fr\/product\/alpine-a290-gt-premium\/#primaryimage\"},\"image\":{\"@id\":\"https:\/\/www.ablease.be\/fr\/product\/alpine-a290-gt-premium\/#primaryimage\"},\"thumbnailUrl\":\"https:\/\/www.ablease.be\/wp-content\/uploads\/2026\/02\/Alpine-A290GT-Premium.webp\",\"datePublished\":\"2026-02-11T16:42:17+00:00\",\"breadcrumb\":{\"@id\":\"https:\/\/www.ablease.be\/fr\/product\/alpine-a290-gt-premium\/#breadcrumb\"},\"inLanguage\":\"fr-FR\",\"potentialAction\":[{\"@type\":\"ReadAction\",\"target\":[\"https:\/\/www.ablease.be\/fr\/product\/alpine-a290-gt-premium\/\"]}]},{\"@type\":\"ImageObject\",\"inLanguage\":\"fr-FR\",\"@id\":\"https:\/\/www.ablease.be\/fr\/product\/alpine-a290-gt-premium\/#primaryimage\",\"url\":\"https:\/\/www.ablease.be\/wp-content\/uploads\/2026\/02\/Alpine-A290GT-Premium.webp\",\"contentUrl\":\"https:\/\/www.ablease.be\/wp-content\/uploads\/2026\/02\/Alpine-A290GT-Premium.webp\",\"width\":1000,\"height\":563},{\"@type\":\"BreadcrumbList\",\"@id\":\"https:\/\/www.ablease.be\/fr\/product\/alpine-a290-gt-premium\/#breadcrumb\",\"itemListElement\":[{\"@type\":\"ListItem\",\"position\":1,\"name\":\"Home\",\"item\":\"https:\/\/www.ablease.be\/fr\/\"},{\"@type\":\"ListItem\",\"position\":2,\"name\":\"Recherche voitures\",\"item\":\"https:\/\/www.ablease.be\/fr\/recherche-voitures\/\"},{\"@type\":\"ListItem\",\"position\":3,\"name\":\"ALPINE A290 GT Premium\"}]},{\"@type\":\"WebSite\",\"@id\":\"https:\/\/www.ablease.be\/fr\/#website\",\"url\":\"https:\/\/www.ablease.be\/fr\/\",\"name\":\"AB Lease\",\"description\":\"\",\"publisher\":{\"@id\":\"https:\/\/www.ablease.be\/fr\/#organization\"},\"potentialAction\":[{\"@type\":\"SearchAction\",\"target\":{\"@type\":\"EntryPoint\",\"urlTemplate\":\"https:\/\/www.ablease.be\/fr\/?s={search_term_string}\"},\"query-input\":{\"@type\":\"PropertyValueSpecification\",\"valueRequired\":true,\"valueName\":\"search_term_string\"}}],\"inLanguage\":\"fr-FR\"},{\"@type\":\"Organization\",\"@id\":\"https:\/\/www.ablease.be\/fr\/#organization\",\"name\":\"AB Lease\",\"url\":\"https:\/\/www.ablease.be\/fr\/\",\"logo\":{\"@type\":\"ImageObject\",\"inLanguage\":\"fr-FR\",\"@id\":\"https:\/\/www.ablease.be\/fr\/#\/schema\/logo\/image\/\",\"url\":\"https:\/\/www.ablease.be\/wp-content\/uploads\/2022\/07\/ablogo.webp\",\"contentUrl\":\"https:\/\/www.ablease.be\/wp-content\/uploads\/2022\/07\/ablogo.webp\",\"width\":284,\"height\":137,\"caption\":\"AB Lease\"},\"image\":{\"@id\":\"https:\/\/www.ablease.be\/fr\/#\/schema\/logo\/image\/\"}}]}<\/script>\n<!-- \/ Yoast SEO plugin. -->","yoast_head_json":{"title":"ALPINE A290 GT Premium - AB Lease","robots":{"index":"index","follow":"follow","max-snippet":"max-snippet:-1","max-image-preview":"max-image-preview:large","max-video-preview":"max-video-preview:-1"},"canonical":"https:\/\/www.ablease.be\/fr\/product\/alpine-a290-gt-premium\/","og_locale":"fr_FR","og_type":"article","og_title":"ALPINE A290 GT Premium - AB Lease","og_description":"Cette proposition de leasing est un exemple, bas\u00e9e sur le prix de base du v\u00e9hicule sans options suppl\u00e9mentaires. Chez AB Lease nous sommes pr\u00eats \u00e0 collaborer avec vous pour cr\u00e9er la voiture de vos r\u00eaves, enti\u00e8rement adapt\u00e9e \u00e0 vos souhaits et \u00e0 un tarif attractif. N&rsquo;h\u00e9sitez pas \u00e0 nous contacter pour discuter des options disponibles. [&hellip;]","og_url":"https:\/\/www.ablease.be\/fr\/product\/alpine-a290-gt-premium\/","og_site_name":"AB Lease","og_image":[{"width":1000,"height":563,"url":"https:\/\/www.ablease.be\/wp-content\/uploads\/2026\/02\/Alpine-A290GT-Premium.webp","type":"image\/webp"}],"twitter_card":"summary_large_image","twitter_misc":{"Dur\u00e9e de lecture estim\u00e9e":"1 minute"},"schema":{"@context":"https:\/\/schema.org","@graph":[{"@type":"WebPage","@id":"https:\/\/www.ablease.be\/fr\/product\/alpine-a290-gt-premium\/","url":"https:\/\/www.ablease.be\/fr\/product\/alpine-a290-gt-premium\/","name":"ALPINE A290 GT Premium - AB Lease","isPartOf":{"@id":"https:\/\/www.ablease.be\/fr\/#website"},"primaryImageOfPage":{"@id":"https:\/\/www.ablease.be\/fr\/product\/alpine-a290-gt-premium\/#primaryimage"},"image":{"@id":"https:\/\/www.ablease.be\/fr\/product\/alpine-a290-gt-premium\/#primaryimage"},"thumbnailUrl":"https:\/\/www.ablease.be\/wp-content\/uploads\/2026\/02\/Alpine-A290GT-Premium.webp","datePublished":"2026-02-11T16:42:17+00:00","breadcrumb":{"@id":"https:\/\/www.ablease.be\/fr\/product\/alpine-a290-gt-premium\/#breadcrumb"},"inLanguage":"fr-FR","potentialAction":[{"@type":"ReadAction","target":["https:\/\/www.ablease.be\/fr\/product\/alpine-a290-gt-premium\/"]}]},{"@type":"ImageObject","inLanguage":"fr-FR","@id":"https:\/\/www.ablease.be\/fr\/product\/alpine-a290-gt-premium\/#primaryimage","url":"https:\/\/www.ablease.be\/wp-content\/uploads\/2026\/02\/Alpine-A290GT-Premium.webp","contentUrl":"https:\/\/www.ablease.be\/wp-content\/uploads\/2026\/02\/Alpine-A290GT-Premium.webp","width":1000,"height":563},{"@type":"BreadcrumbList","@id":"https:\/\/www.ablease.be\/fr\/product\/alpine-a290-gt-premium\/#breadcrumb","itemListElement":[{"@type":"ListItem","position":1,"name":"Home","item":"https:\/\/www.ablease.be\/fr\/"},{"@type":"ListItem","position":2,"name":"Recherche voitures","item":"https:\/\/www.ablease.be\/fr\/recherche-voitures\/"},{"@type":"ListItem","position":3,"name":"ALPINE A290 GT Premium"}]},{"@type":"WebSite","@id":"https:\/\/www.ablease.be\/fr\/#website","url":"https:\/\/www.ablease.be\/fr\/","name":"AB Lease","description":"","publisher":{"@id":"https:\/\/www.ablease.be\/fr\/#organization"},"potentialAction":[{"@type":"SearchAction","target":{"@type":"EntryPoint","urlTemplate":"https:\/\/www.ablease.be\/fr\/?s={search_term_string}"},"query-input":{"@type":"PropertyValueSpecification","valueRequired":true,"valueName":"search_term_string"}}],"inLanguage":"fr-FR"},{"@type":"Organization","@id":"https:\/\/www.ablease.be\/fr\/#organization","name":"AB Lease","url":"https:\/\/www.ablease.be\/fr\/","logo":{"@type":"ImageObject","inLanguage":"fr-FR","@id":"https:\/\/www.ablease.be\/fr\/#\/schema\/logo\/image\/","url":"https:\/\/www.ablease.be\/wp-content\/uploads\/2022\/07\/ablogo.webp","contentUrl":"https:\/\/www.ablease.be\/wp-content\/uploads\/2022\/07\/ablogo.webp","width":284,"height":137,"caption":"AB Lease"},"image":{"@id":"https:\/\/www.ablease.be\/fr\/#\/schema\/logo\/image\/"}}]}},"_links":{"self":[{"href":"https:\/\/www.ablease.be\/fr\/wp-json\/wp\/v2\/product\/13670","targetHints":{"allow":["GET"]}}],"collection":[{"href":"https:\/\/www.ablease.be\/fr\/wp-json\/wp\/v2\/product"}],"about":[{"href":"https:\/\/www.ablease.be\/fr\/wp-json\/wp\/v2\/types\/product"}],"replies":[{"embeddable":true,"href":"https:\/\/www.ablease.be\/fr\/wp-json\/wp\/v2\/comments?post=13670"}],"wp:featuredmedia":[{"embeddable":true,"href":"https:\/\/www.ablease.be\/fr\/wp-json\/wp\/v2\/media\/13675"}],"wp:attachment":[{"href":"https:\/\/www.ablease.be\/fr\/wp-json\/wp\/v2\/media?parent=13670"}],"wp:term":[{"taxonomy":"product_brand","embeddable":true,"href":"https:\/\/www.ablease.be\/fr\/wp-json\/wp\/v2\/product_brand?post=13670"},{"taxonomy":"product_cat","embeddable":true,"href":"https:\/\/www.ablease.be\/fr\/wp-json\/wp\/v2\/product_cat?post=13670"},{"taxonomy":"product_tag","embeddable":true,"href":"https:\/\/www.ablease.be\/fr\/wp-json\/wp\/v2\/product_tag?post=13670"}],"curies":[{"name":"wp","href":"https:\/\/api.w.org\/{rel}","templated":true}]}}