{"id":13074,"date":"2026-01-12T10:29:40","date_gmt":"2026-01-12T09:29:40","guid":{"rendered":"https:\/\/www.ablease.be\/?post_type=product&#038;p=13074"},"modified":"2026-01-13T09:12:45","modified_gmt":"2026-01-13T08:12:45","slug":"volkswagen-tayron-1-5-tsi-ehybrid-6-dsg-r-line","status":"publish","type":"product","link":"https:\/\/www.ablease.be\/fr\/product\/volkswagen-tayron-1-5-tsi-ehybrid-6-dsg-r-line\/","title":{"rendered":"VOLKSWAGEN Tayron &#8211; 1.5 TSI eHybrid 6 DSG &#8211; R-Line"},"content":{"rendered":"<p class=\"p1\">Cette proposition de leasing est un exemple, bas\u00e9e sur le prix de base du v\u00e9hicule sans options suppl\u00e9mentaires. Chez AB Lease, nous sommes pr\u00eats \u00e0 travailler avec vous pour configurer la voiture de vos r\u00eaves, enti\u00e8rement adapt\u00e9e \u00e0 vos besoins et \u00e0 un tarif attractif. N&rsquo;h\u00e9sitez pas \u00e0 nous contacter pour discuter des possibilit\u00e9s.<\/p>\n<p class=\"p1\">Si vous recherchez le m\u00eame mod\u00e8le en v\u00e9hicule d&rsquo;occasion r\u00e9cent, nous serons ravis de vous aider.<\/p>\n","protected":false},"excerpt":{"rendered":"<p>Cette proposition de leasing est un exemple, bas\u00e9e sur le prix de base du v\u00e9hicule sans options suppl\u00e9mentaires. Chez AB Lease, nous sommes pr\u00eats \u00e0 travailler avec vous pour configurer la voiture de vos r\u00eaves, enti\u00e8rement adapt\u00e9e \u00e0 vos besoins et \u00e0 un tarif attractif. N&rsquo;h\u00e9sitez pas \u00e0 nous contacter pour discuter des possibilit\u00e9s. Si [&hellip;]<\/p>\n","protected":false},"featured_media":13185,"comment_status":"closed","ping_status":"closed","template":"","meta":[],"product_brand":[85],"product_cat":[257],"product_tag":[],"class_list":{"0":"post-13074","1":"product","2":"type-product","3":"status-publish","4":"has-post-thumbnail","6":"product_brand-volkswagen","7":"product_cat-volkswagen-fr","9":"first","10":"instock","11":"shipping-taxable","12":"purchasable","13":"product-type-simple"},"yoast_head":"<!-- This site is optimized with the Yoast SEO plugin v26.5 - https:\/\/yoast.com\/wordpress\/plugins\/seo\/ -->\n<title>VOLKSWAGEN Tayron - 1.5 TSI eHybrid 6 DSG - R-Line - AB Lease<\/title>\n<meta name=\"robots\" content=\"index, follow, max-snippet:-1, max-image-preview:large, max-video-preview:-1\" \/>\n<link rel=\"canonical\" href=\"https:\/\/www.ablease.be\/fr\/product\/volkswagen-tayron-1-5-tsi-ehybrid-6-dsg-r-line\/\" \/>\n<meta property=\"og:locale\" content=\"fr_FR\" \/>\n<meta property=\"og:type\" content=\"article\" \/>\n<meta property=\"og:title\" content=\"VOLKSWAGEN Tayron - 1.5 TSI eHybrid 6 DSG - R-Line - AB Lease\" \/>\n<meta property=\"og:description\" content=\"Cette proposition de leasing est un exemple, bas\u00e9e sur le prix de base du v\u00e9hicule sans options suppl\u00e9mentaires. Chez AB Lease, nous sommes pr\u00eats \u00e0 travailler avec vous pour configurer la voiture de vos r\u00eaves, enti\u00e8rement adapt\u00e9e \u00e0 vos besoins et \u00e0 un tarif attractif. N&rsquo;h\u00e9sitez pas \u00e0 nous contacter pour discuter des possibilit\u00e9s. Si [&hellip;]\" \/>\n<meta property=\"og:url\" content=\"https:\/\/www.ablease.be\/fr\/product\/volkswagen-tayron-1-5-tsi-ehybrid-6-dsg-r-line\/\" \/>\n<meta property=\"og:site_name\" content=\"AB Lease\" \/>\n<meta property=\"article:modified_time\" content=\"2026-01-13T08:12:45+00:00\" \/>\n<meta property=\"og:image\" content=\"https:\/\/www.ablease.be\/wp-content\/uploads\/2026\/01\/01_AB_Lease_Volkswagen_VW_Tayron_R_Line_15_TSI_eHybrid.webp\" \/>\n\t<meta property=\"og:image:width\" content=\"1000\" \/>\n\t<meta property=\"og:image:height\" content=\"546\" \/>\n\t<meta property=\"og:image:type\" content=\"image\/webp\" \/>\n<meta name=\"twitter:card\" content=\"summary_large_image\" \/>\n<meta name=\"twitter:label1\" content=\"Dur\u00e9e de lecture estim\u00e9e\" \/>\n\t<meta name=\"twitter:data1\" content=\"1 minute\" \/>\n<script type=\"application\/ld+json\" class=\"yoast-schema-graph\">{\"@context\":\"https:\/\/schema.org\",\"@graph\":[{\"@type\":\"WebPage\",\"@id\":\"https:\/\/www.ablease.be\/fr\/product\/volkswagen-tayron-1-5-tsi-ehybrid-6-dsg-r-line\/\",\"url\":\"https:\/\/www.ablease.be\/fr\/product\/volkswagen-tayron-1-5-tsi-ehybrid-6-dsg-r-line\/\",\"name\":\"VOLKSWAGEN Tayron - 1.5 TSI eHybrid 6 DSG - R-Line - AB Lease\",\"isPartOf\":{\"@id\":\"https:\/\/www.ablease.be\/fr\/#website\"},\"primaryImageOfPage\":{\"@id\":\"https:\/\/www.ablease.be\/fr\/product\/volkswagen-tayron-1-5-tsi-ehybrid-6-dsg-r-line\/#primaryimage\"},\"image\":{\"@id\":\"https:\/\/www.ablease.be\/fr\/product\/volkswagen-tayron-1-5-tsi-ehybrid-6-dsg-r-line\/#primaryimage\"},\"thumbnailUrl\":\"https:\/\/www.ablease.be\/wp-content\/uploads\/2026\/01\/01_AB_Lease_Volkswagen_VW_Tayron_R_Line_15_TSI_eHybrid.webp\",\"datePublished\":\"2026-01-12T09:29:40+00:00\",\"dateModified\":\"2026-01-13T08:12:45+00:00\",\"breadcrumb\":{\"@id\":\"https:\/\/www.ablease.be\/fr\/product\/volkswagen-tayron-1-5-tsi-ehybrid-6-dsg-r-line\/#breadcrumb\"},\"inLanguage\":\"fr-FR\",\"potentialAction\":[{\"@type\":\"ReadAction\",\"target\":[\"https:\/\/www.ablease.be\/fr\/product\/volkswagen-tayron-1-5-tsi-ehybrid-6-dsg-r-line\/\"]}]},{\"@type\":\"ImageObject\",\"inLanguage\":\"fr-FR\",\"@id\":\"https:\/\/www.ablease.be\/fr\/product\/volkswagen-tayron-1-5-tsi-ehybrid-6-dsg-r-line\/#primaryimage\",\"url\":\"https:\/\/www.ablease.be\/wp-content\/uploads\/2026\/01\/01_AB_Lease_Volkswagen_VW_Tayron_R_Line_15_TSI_eHybrid.webp\",\"contentUrl\":\"https:\/\/www.ablease.be\/wp-content\/uploads\/2026\/01\/01_AB_Lease_Volkswagen_VW_Tayron_R_Line_15_TSI_eHybrid.webp\",\"width\":1000,\"height\":546},{\"@type\":\"BreadcrumbList\",\"@id\":\"https:\/\/www.ablease.be\/fr\/product\/volkswagen-tayron-1-5-tsi-ehybrid-6-dsg-r-line\/#breadcrumb\",\"itemListElement\":[{\"@type\":\"ListItem\",\"position\":1,\"name\":\"Home\",\"item\":\"https:\/\/www.ablease.be\/fr\/\"},{\"@type\":\"ListItem\",\"position\":2,\"name\":\"Recherche voitures\",\"item\":\"https:\/\/www.ablease.be\/fr\/recherche-voitures\/\"},{\"@type\":\"ListItem\",\"position\":3,\"name\":\"VOLKSWAGEN Tayron &#8211; 1.5 TSI eHybrid 6 DSG &#8211; R-Line\"}]},{\"@type\":\"WebSite\",\"@id\":\"https:\/\/www.ablease.be\/fr\/#website\",\"url\":\"https:\/\/www.ablease.be\/fr\/\",\"name\":\"AB Lease\",\"description\":\"\",\"publisher\":{\"@id\":\"https:\/\/www.ablease.be\/fr\/#organization\"},\"potentialAction\":[{\"@type\":\"SearchAction\",\"target\":{\"@type\":\"EntryPoint\",\"urlTemplate\":\"https:\/\/www.ablease.be\/fr\/?s={search_term_string}\"},\"query-input\":{\"@type\":\"PropertyValueSpecification\",\"valueRequired\":true,\"valueName\":\"search_term_string\"}}],\"inLanguage\":\"fr-FR\"},{\"@type\":\"Organization\",\"@id\":\"https:\/\/www.ablease.be\/fr\/#organization\",\"name\":\"AB Lease\",\"url\":\"https:\/\/www.ablease.be\/fr\/\",\"logo\":{\"@type\":\"ImageObject\",\"inLanguage\":\"fr-FR\",\"@id\":\"https:\/\/www.ablease.be\/fr\/#\/schema\/logo\/image\/\",\"url\":\"https:\/\/www.ablease.be\/wp-content\/uploads\/2022\/07\/ablogo.webp\",\"contentUrl\":\"https:\/\/www.ablease.be\/wp-content\/uploads\/2022\/07\/ablogo.webp\",\"width\":284,\"height\":137,\"caption\":\"AB Lease\"},\"image\":{\"@id\":\"https:\/\/www.ablease.be\/fr\/#\/schema\/logo\/image\/\"}}]}<\/script>\n<!-- \/ Yoast SEO plugin. -->","yoast_head_json":{"title":"VOLKSWAGEN Tayron - 1.5 TSI eHybrid 6 DSG - R-Line - AB Lease","robots":{"index":"index","follow":"follow","max-snippet":"max-snippet:-1","max-image-preview":"max-image-preview:large","max-video-preview":"max-video-preview:-1"},"canonical":"https:\/\/www.ablease.be\/fr\/product\/volkswagen-tayron-1-5-tsi-ehybrid-6-dsg-r-line\/","og_locale":"fr_FR","og_type":"article","og_title":"VOLKSWAGEN Tayron - 1.5 TSI eHybrid 6 DSG - R-Line - AB Lease","og_description":"Cette proposition de leasing est un exemple, bas\u00e9e sur le prix de base du v\u00e9hicule sans options suppl\u00e9mentaires. Chez AB Lease, nous sommes pr\u00eats \u00e0 travailler avec vous pour configurer la voiture de vos r\u00eaves, enti\u00e8rement adapt\u00e9e \u00e0 vos besoins et \u00e0 un tarif attractif. N&rsquo;h\u00e9sitez pas \u00e0 nous contacter pour discuter des possibilit\u00e9s. Si [&hellip;]","og_url":"https:\/\/www.ablease.be\/fr\/product\/volkswagen-tayron-1-5-tsi-ehybrid-6-dsg-r-line\/","og_site_name":"AB Lease","article_modified_time":"2026-01-13T08:12:45+00:00","og_image":[{"width":1000,"height":546,"url":"https:\/\/www.ablease.be\/wp-content\/uploads\/2026\/01\/01_AB_Lease_Volkswagen_VW_Tayron_R_Line_15_TSI_eHybrid.webp","type":"image\/webp"}],"twitter_card":"summary_large_image","twitter_misc":{"Dur\u00e9e de lecture estim\u00e9e":"1 minute"},"schema":{"@context":"https:\/\/schema.org","@graph":[{"@type":"WebPage","@id":"https:\/\/www.ablease.be\/fr\/product\/volkswagen-tayron-1-5-tsi-ehybrid-6-dsg-r-line\/","url":"https:\/\/www.ablease.be\/fr\/product\/volkswagen-tayron-1-5-tsi-ehybrid-6-dsg-r-line\/","name":"VOLKSWAGEN Tayron - 1.5 TSI eHybrid 6 DSG - R-Line - AB Lease","isPartOf":{"@id":"https:\/\/www.ablease.be\/fr\/#website"},"primaryImageOfPage":{"@id":"https:\/\/www.ablease.be\/fr\/product\/volkswagen-tayron-1-5-tsi-ehybrid-6-dsg-r-line\/#primaryimage"},"image":{"@id":"https:\/\/www.ablease.be\/fr\/product\/volkswagen-tayron-1-5-tsi-ehybrid-6-dsg-r-line\/#primaryimage"},"thumbnailUrl":"https:\/\/www.ablease.be\/wp-content\/uploads\/2026\/01\/01_AB_Lease_Volkswagen_VW_Tayron_R_Line_15_TSI_eHybrid.webp","datePublished":"2026-01-12T09:29:40+00:00","dateModified":"2026-01-13T08:12:45+00:00","breadcrumb":{"@id":"https:\/\/www.ablease.be\/fr\/product\/volkswagen-tayron-1-5-tsi-ehybrid-6-dsg-r-line\/#breadcrumb"},"inLanguage":"fr-FR","potentialAction":[{"@type":"ReadAction","target":["https:\/\/www.ablease.be\/fr\/product\/volkswagen-tayron-1-5-tsi-ehybrid-6-dsg-r-line\/"]}]},{"@type":"ImageObject","inLanguage":"fr-FR","@id":"https:\/\/www.ablease.be\/fr\/product\/volkswagen-tayron-1-5-tsi-ehybrid-6-dsg-r-line\/#primaryimage","url":"https:\/\/www.ablease.be\/wp-content\/uploads\/2026\/01\/01_AB_Lease_Volkswagen_VW_Tayron_R_Line_15_TSI_eHybrid.webp","contentUrl":"https:\/\/www.ablease.be\/wp-content\/uploads\/2026\/01\/01_AB_Lease_Volkswagen_VW_Tayron_R_Line_15_TSI_eHybrid.webp","width":1000,"height":546},{"@type":"BreadcrumbList","@id":"https:\/\/www.ablease.be\/fr\/product\/volkswagen-tayron-1-5-tsi-ehybrid-6-dsg-r-line\/#breadcrumb","itemListElement":[{"@type":"ListItem","position":1,"name":"Home","item":"https:\/\/www.ablease.be\/fr\/"},{"@type":"ListItem","position":2,"name":"Recherche voitures","item":"https:\/\/www.ablease.be\/fr\/recherche-voitures\/"},{"@type":"ListItem","position":3,"name":"VOLKSWAGEN Tayron &#8211; 1.5 TSI eHybrid 6 DSG &#8211; R-Line"}]},{"@type":"WebSite","@id":"https:\/\/www.ablease.be\/fr\/#website","url":"https:\/\/www.ablease.be\/fr\/","name":"AB Lease","description":"","publisher":{"@id":"https:\/\/www.ablease.be\/fr\/#organization"},"potentialAction":[{"@type":"SearchAction","target":{"@type":"EntryPoint","urlTemplate":"https:\/\/www.ablease.be\/fr\/?s={search_term_string}"},"query-input":{"@type":"PropertyValueSpecification","valueRequired":true,"valueName":"search_term_string"}}],"inLanguage":"fr-FR"},{"@type":"Organization","@id":"https:\/\/www.ablease.be\/fr\/#organization","name":"AB Lease","url":"https:\/\/www.ablease.be\/fr\/","logo":{"@type":"ImageObject","inLanguage":"fr-FR","@id":"https:\/\/www.ablease.be\/fr\/#\/schema\/logo\/image\/","url":"https:\/\/www.ablease.be\/wp-content\/uploads\/2022\/07\/ablogo.webp","contentUrl":"https:\/\/www.ablease.be\/wp-content\/uploads\/2022\/07\/ablogo.webp","width":284,"height":137,"caption":"AB Lease"},"image":{"@id":"https:\/\/www.ablease.be\/fr\/#\/schema\/logo\/image\/"}}]}},"_links":{"self":[{"href":"https:\/\/www.ablease.be\/fr\/wp-json\/wp\/v2\/product\/13074","targetHints":{"allow":["GET"]}}],"collection":[{"href":"https:\/\/www.ablease.be\/fr\/wp-json\/wp\/v2\/product"}],"about":[{"href":"https:\/\/www.ablease.be\/fr\/wp-json\/wp\/v2\/types\/product"}],"replies":[{"embeddable":true,"href":"https:\/\/www.ablease.be\/fr\/wp-json\/wp\/v2\/comments?post=13074"}],"wp:featuredmedia":[{"embeddable":true,"href":"https:\/\/www.ablease.be\/fr\/wp-json\/wp\/v2\/media\/13185"}],"wp:attachment":[{"href":"https:\/\/www.ablease.be\/fr\/wp-json\/wp\/v2\/media?parent=13074"}],"wp:term":[{"taxonomy":"product_brand","embeddable":true,"href":"https:\/\/www.ablease.be\/fr\/wp-json\/wp\/v2\/product_brand?post=13074"},{"taxonomy":"product_cat","embeddable":true,"href":"https:\/\/www.ablease.be\/fr\/wp-json\/wp\/v2\/product_cat?post=13074"},{"taxonomy":"product_tag","embeddable":true,"href":"https:\/\/www.ablease.be\/fr\/wp-json\/wp\/v2\/product_tag?post=13074"}],"curies":[{"name":"wp","href":"https:\/\/api.w.org\/{rel}","templated":true}]}}