{"id":13066,"date":"2026-01-12T09:34:48","date_gmt":"2026-01-12T08:34:48","guid":{"rendered":"https:\/\/www.ablease.be\/?post_type=product&#038;p=13066"},"modified":"2026-01-12T09:36:43","modified_gmt":"2026-01-12T08:36:43","slug":"volkswagen-tiguan-1-5-tsi-ehybrid-6-dsg-r-line","status":"publish","type":"product","link":"https:\/\/www.ablease.be\/fr\/product\/volkswagen-tiguan-1-5-tsi-ehybrid-6-dsg-r-line\/","title":{"rendered":"VOLKSWAGEN Tiguan &#8211; 1.5 TSI eHybrid 6 DSG &#8211; R-Line"},"content":{"rendered":"","protected":false},"excerpt":{"rendered":"<p class=\"p1\">Cette offre est un exemple, bas\u00e9e sur le prix de base du v\u00e9hicule sans options suppl\u00e9mentaires. Chez AB Lease nous sommes pr\u00eats \u00e0 collaborer avec vous pour cr\u00e9er la voiture de vos r\u00eaves, enti\u00e8rement adapt\u00e9e \u00e0 vos souhaits et \u00e0 un tarif attractif. N&rsquo;h\u00e9sitez pas \u00e0 nous contacter pour discuter des options disponibles<\/p>\n","protected":false},"featured_media":13126,"comment_status":"closed","ping_status":"closed","template":"","meta":[],"product_brand":[85],"product_cat":[257],"product_tag":[],"class_list":{"0":"post-13066","1":"product","2":"type-product","3":"status-publish","4":"has-post-thumbnail","6":"product_brand-volkswagen","7":"product_cat-volkswagen-fr","9":"first","10":"instock","11":"shipping-taxable","12":"purchasable","13":"product-type-simple"},"yoast_head":"<!-- This site is optimized with the Yoast SEO plugin v26.5 - https:\/\/yoast.com\/wordpress\/plugins\/seo\/ -->\n<title>VOLKSWAGEN Tiguan - 1.5 TSI eHybrid 6 DSG - R-Line - AB Lease<\/title>\n<meta name=\"robots\" content=\"index, follow, max-snippet:-1, max-image-preview:large, max-video-preview:-1\" \/>\n<link rel=\"canonical\" href=\"https:\/\/www.ablease.be\/fr\/product\/volkswagen-tiguan-1-5-tsi-ehybrid-6-dsg-r-line\/\" \/>\n<meta property=\"og:locale\" content=\"fr_FR\" \/>\n<meta property=\"og:type\" content=\"article\" \/>\n<meta property=\"og:title\" content=\"VOLKSWAGEN Tiguan - 1.5 TSI eHybrid 6 DSG - R-Line - AB Lease\" \/>\n<meta property=\"og:description\" content=\"Cette offre est un exemple, bas\u00e9e sur le prix de base du v\u00e9hicule sans options suppl\u00e9mentaires. Chez AB Lease nous sommes pr\u00eats \u00e0 collaborer avec vous pour cr\u00e9er la voiture de vos r\u00eaves, enti\u00e8rement adapt\u00e9e \u00e0 vos souhaits et \u00e0 un tarif attractif. N&#039;h\u00e9sitez pas \u00e0 nous contacter pour discuter des options disponibles\" \/>\n<meta property=\"og:url\" content=\"https:\/\/www.ablease.be\/fr\/product\/volkswagen-tiguan-1-5-tsi-ehybrid-6-dsg-r-line\/\" \/>\n<meta property=\"og:site_name\" content=\"AB Lease\" \/>\n<meta property=\"article:modified_time\" content=\"2026-01-12T08:36:43+00:00\" \/>\n<meta property=\"og:image\" content=\"https:\/\/www.ablease.be\/wp-content\/uploads\/2026\/01\/01_AB_Lease_Volkswagen_VW_Tiguan_R-Line_15_TSI_eHybrid.webp\" \/>\n\t<meta property=\"og:image:width\" content=\"1000\" \/>\n\t<meta property=\"og:image:height\" content=\"558\" \/>\n\t<meta property=\"og:image:type\" content=\"image\/webp\" \/>\n<meta name=\"twitter:card\" content=\"summary_large_image\" \/>\n<meta name=\"twitter:label1\" content=\"Dur\u00e9e de lecture estim\u00e9e\" \/>\n\t<meta name=\"twitter:data1\" content=\"1 minute\" \/>\n<script type=\"application\/ld+json\" class=\"yoast-schema-graph\">{\"@context\":\"https:\/\/schema.org\",\"@graph\":[{\"@type\":\"WebPage\",\"@id\":\"https:\/\/www.ablease.be\/fr\/product\/volkswagen-tiguan-1-5-tsi-ehybrid-6-dsg-r-line\/\",\"url\":\"https:\/\/www.ablease.be\/fr\/product\/volkswagen-tiguan-1-5-tsi-ehybrid-6-dsg-r-line\/\",\"name\":\"VOLKSWAGEN Tiguan - 1.5 TSI eHybrid 6 DSG - R-Line - AB Lease\",\"isPartOf\":{\"@id\":\"https:\/\/www.ablease.be\/fr\/#website\"},\"primaryImageOfPage\":{\"@id\":\"https:\/\/www.ablease.be\/fr\/product\/volkswagen-tiguan-1-5-tsi-ehybrid-6-dsg-r-line\/#primaryimage\"},\"image\":{\"@id\":\"https:\/\/www.ablease.be\/fr\/product\/volkswagen-tiguan-1-5-tsi-ehybrid-6-dsg-r-line\/#primaryimage\"},\"thumbnailUrl\":\"https:\/\/www.ablease.be\/wp-content\/uploads\/2026\/01\/01_AB_Lease_Volkswagen_VW_Tiguan_R-Line_15_TSI_eHybrid.webp\",\"datePublished\":\"2026-01-12T08:34:48+00:00\",\"dateModified\":\"2026-01-12T08:36:43+00:00\",\"breadcrumb\":{\"@id\":\"https:\/\/www.ablease.be\/fr\/product\/volkswagen-tiguan-1-5-tsi-ehybrid-6-dsg-r-line\/#breadcrumb\"},\"inLanguage\":\"fr-FR\",\"potentialAction\":[{\"@type\":\"ReadAction\",\"target\":[\"https:\/\/www.ablease.be\/fr\/product\/volkswagen-tiguan-1-5-tsi-ehybrid-6-dsg-r-line\/\"]}]},{\"@type\":\"ImageObject\",\"inLanguage\":\"fr-FR\",\"@id\":\"https:\/\/www.ablease.be\/fr\/product\/volkswagen-tiguan-1-5-tsi-ehybrid-6-dsg-r-line\/#primaryimage\",\"url\":\"https:\/\/www.ablease.be\/wp-content\/uploads\/2026\/01\/01_AB_Lease_Volkswagen_VW_Tiguan_R-Line_15_TSI_eHybrid.webp\",\"contentUrl\":\"https:\/\/www.ablease.be\/wp-content\/uploads\/2026\/01\/01_AB_Lease_Volkswagen_VW_Tiguan_R-Line_15_TSI_eHybrid.webp\",\"width\":1000,\"height\":558},{\"@type\":\"BreadcrumbList\",\"@id\":\"https:\/\/www.ablease.be\/fr\/product\/volkswagen-tiguan-1-5-tsi-ehybrid-6-dsg-r-line\/#breadcrumb\",\"itemListElement\":[{\"@type\":\"ListItem\",\"position\":1,\"name\":\"Home\",\"item\":\"https:\/\/www.ablease.be\/fr\/\"},{\"@type\":\"ListItem\",\"position\":2,\"name\":\"Recherche voitures\",\"item\":\"https:\/\/www.ablease.be\/fr\/recherche-voitures\/\"},{\"@type\":\"ListItem\",\"position\":3,\"name\":\"VOLKSWAGEN Tiguan &#8211; 1.5 TSI eHybrid 6 DSG &#8211; R-Line\"}]},{\"@type\":\"WebSite\",\"@id\":\"https:\/\/www.ablease.be\/fr\/#website\",\"url\":\"https:\/\/www.ablease.be\/fr\/\",\"name\":\"AB Lease\",\"description\":\"\",\"publisher\":{\"@id\":\"https:\/\/www.ablease.be\/fr\/#organization\"},\"potentialAction\":[{\"@type\":\"SearchAction\",\"target\":{\"@type\":\"EntryPoint\",\"urlTemplate\":\"https:\/\/www.ablease.be\/fr\/?s={search_term_string}\"},\"query-input\":{\"@type\":\"PropertyValueSpecification\",\"valueRequired\":true,\"valueName\":\"search_term_string\"}}],\"inLanguage\":\"fr-FR\"},{\"@type\":\"Organization\",\"@id\":\"https:\/\/www.ablease.be\/fr\/#organization\",\"name\":\"AB Lease\",\"url\":\"https:\/\/www.ablease.be\/fr\/\",\"logo\":{\"@type\":\"ImageObject\",\"inLanguage\":\"fr-FR\",\"@id\":\"https:\/\/www.ablease.be\/fr\/#\/schema\/logo\/image\/\",\"url\":\"https:\/\/www.ablease.be\/wp-content\/uploads\/2022\/07\/ablogo.webp\",\"contentUrl\":\"https:\/\/www.ablease.be\/wp-content\/uploads\/2022\/07\/ablogo.webp\",\"width\":284,\"height\":137,\"caption\":\"AB Lease\"},\"image\":{\"@id\":\"https:\/\/www.ablease.be\/fr\/#\/schema\/logo\/image\/\"}}]}<\/script>\n<!-- \/ Yoast SEO plugin. -->","yoast_head_json":{"title":"VOLKSWAGEN Tiguan - 1.5 TSI eHybrid 6 DSG - R-Line - AB Lease","robots":{"index":"index","follow":"follow","max-snippet":"max-snippet:-1","max-image-preview":"max-image-preview:large","max-video-preview":"max-video-preview:-1"},"canonical":"https:\/\/www.ablease.be\/fr\/product\/volkswagen-tiguan-1-5-tsi-ehybrid-6-dsg-r-line\/","og_locale":"fr_FR","og_type":"article","og_title":"VOLKSWAGEN Tiguan - 1.5 TSI eHybrid 6 DSG - R-Line - AB Lease","og_description":"Cette offre est un exemple, bas\u00e9e sur le prix de base du v\u00e9hicule sans options suppl\u00e9mentaires. Chez AB Lease nous sommes pr\u00eats \u00e0 collaborer avec vous pour cr\u00e9er la voiture de vos r\u00eaves, enti\u00e8rement adapt\u00e9e \u00e0 vos souhaits et \u00e0 un tarif attractif. N'h\u00e9sitez pas \u00e0 nous contacter pour discuter des options disponibles","og_url":"https:\/\/www.ablease.be\/fr\/product\/volkswagen-tiguan-1-5-tsi-ehybrid-6-dsg-r-line\/","og_site_name":"AB Lease","article_modified_time":"2026-01-12T08:36:43+00:00","og_image":[{"width":1000,"height":558,"url":"https:\/\/www.ablease.be\/wp-content\/uploads\/2026\/01\/01_AB_Lease_Volkswagen_VW_Tiguan_R-Line_15_TSI_eHybrid.webp","type":"image\/webp"}],"twitter_card":"summary_large_image","twitter_misc":{"Dur\u00e9e de lecture estim\u00e9e":"1 minute"},"schema":{"@context":"https:\/\/schema.org","@graph":[{"@type":"WebPage","@id":"https:\/\/www.ablease.be\/fr\/product\/volkswagen-tiguan-1-5-tsi-ehybrid-6-dsg-r-line\/","url":"https:\/\/www.ablease.be\/fr\/product\/volkswagen-tiguan-1-5-tsi-ehybrid-6-dsg-r-line\/","name":"VOLKSWAGEN Tiguan - 1.5 TSI eHybrid 6 DSG - R-Line - AB Lease","isPartOf":{"@id":"https:\/\/www.ablease.be\/fr\/#website"},"primaryImageOfPage":{"@id":"https:\/\/www.ablease.be\/fr\/product\/volkswagen-tiguan-1-5-tsi-ehybrid-6-dsg-r-line\/#primaryimage"},"image":{"@id":"https:\/\/www.ablease.be\/fr\/product\/volkswagen-tiguan-1-5-tsi-ehybrid-6-dsg-r-line\/#primaryimage"},"thumbnailUrl":"https:\/\/www.ablease.be\/wp-content\/uploads\/2026\/01\/01_AB_Lease_Volkswagen_VW_Tiguan_R-Line_15_TSI_eHybrid.webp","datePublished":"2026-01-12T08:34:48+00:00","dateModified":"2026-01-12T08:36:43+00:00","breadcrumb":{"@id":"https:\/\/www.ablease.be\/fr\/product\/volkswagen-tiguan-1-5-tsi-ehybrid-6-dsg-r-line\/#breadcrumb"},"inLanguage":"fr-FR","potentialAction":[{"@type":"ReadAction","target":["https:\/\/www.ablease.be\/fr\/product\/volkswagen-tiguan-1-5-tsi-ehybrid-6-dsg-r-line\/"]}]},{"@type":"ImageObject","inLanguage":"fr-FR","@id":"https:\/\/www.ablease.be\/fr\/product\/volkswagen-tiguan-1-5-tsi-ehybrid-6-dsg-r-line\/#primaryimage","url":"https:\/\/www.ablease.be\/wp-content\/uploads\/2026\/01\/01_AB_Lease_Volkswagen_VW_Tiguan_R-Line_15_TSI_eHybrid.webp","contentUrl":"https:\/\/www.ablease.be\/wp-content\/uploads\/2026\/01\/01_AB_Lease_Volkswagen_VW_Tiguan_R-Line_15_TSI_eHybrid.webp","width":1000,"height":558},{"@type":"BreadcrumbList","@id":"https:\/\/www.ablease.be\/fr\/product\/volkswagen-tiguan-1-5-tsi-ehybrid-6-dsg-r-line\/#breadcrumb","itemListElement":[{"@type":"ListItem","position":1,"name":"Home","item":"https:\/\/www.ablease.be\/fr\/"},{"@type":"ListItem","position":2,"name":"Recherche voitures","item":"https:\/\/www.ablease.be\/fr\/recherche-voitures\/"},{"@type":"ListItem","position":3,"name":"VOLKSWAGEN Tiguan &#8211; 1.5 TSI eHybrid 6 DSG &#8211; R-Line"}]},{"@type":"WebSite","@id":"https:\/\/www.ablease.be\/fr\/#website","url":"https:\/\/www.ablease.be\/fr\/","name":"AB Lease","description":"","publisher":{"@id":"https:\/\/www.ablease.be\/fr\/#organization"},"potentialAction":[{"@type":"SearchAction","target":{"@type":"EntryPoint","urlTemplate":"https:\/\/www.ablease.be\/fr\/?s={search_term_string}"},"query-input":{"@type":"PropertyValueSpecification","valueRequired":true,"valueName":"search_term_string"}}],"inLanguage":"fr-FR"},{"@type":"Organization","@id":"https:\/\/www.ablease.be\/fr\/#organization","name":"AB Lease","url":"https:\/\/www.ablease.be\/fr\/","logo":{"@type":"ImageObject","inLanguage":"fr-FR","@id":"https:\/\/www.ablease.be\/fr\/#\/schema\/logo\/image\/","url":"https:\/\/www.ablease.be\/wp-content\/uploads\/2022\/07\/ablogo.webp","contentUrl":"https:\/\/www.ablease.be\/wp-content\/uploads\/2022\/07\/ablogo.webp","width":284,"height":137,"caption":"AB Lease"},"image":{"@id":"https:\/\/www.ablease.be\/fr\/#\/schema\/logo\/image\/"}}]}},"_links":{"self":[{"href":"https:\/\/www.ablease.be\/fr\/wp-json\/wp\/v2\/product\/13066","targetHints":{"allow":["GET"]}}],"collection":[{"href":"https:\/\/www.ablease.be\/fr\/wp-json\/wp\/v2\/product"}],"about":[{"href":"https:\/\/www.ablease.be\/fr\/wp-json\/wp\/v2\/types\/product"}],"replies":[{"embeddable":true,"href":"https:\/\/www.ablease.be\/fr\/wp-json\/wp\/v2\/comments?post=13066"}],"wp:featuredmedia":[{"embeddable":true,"href":"https:\/\/www.ablease.be\/fr\/wp-json\/wp\/v2\/media\/13126"}],"wp:attachment":[{"href":"https:\/\/www.ablease.be\/fr\/wp-json\/wp\/v2\/media?parent=13066"}],"wp:term":[{"taxonomy":"product_brand","embeddable":true,"href":"https:\/\/www.ablease.be\/fr\/wp-json\/wp\/v2\/product_brand?post=13066"},{"taxonomy":"product_cat","embeddable":true,"href":"https:\/\/www.ablease.be\/fr\/wp-json\/wp\/v2\/product_cat?post=13066"},{"taxonomy":"product_tag","embeddable":true,"href":"https:\/\/www.ablease.be\/fr\/wp-json\/wp\/v2\/product_tag?post=13066"}],"curies":[{"name":"wp","href":"https:\/\/api.w.org\/{rel}","templated":true}]}}