{"id":12782,"date":"2025-12-22T17:18:14","date_gmt":"2025-12-22T16:18:14","guid":{"rendered":"https:\/\/www.ablease.be\/?post_type=product&#038;p=12782"},"modified":"2026-01-07T18:29:24","modified_gmt":"2026-01-07T17:29:24","slug":"bmw-ix3-50-xdrive-m-sport-pack-pro-kopie","status":"publish","type":"product","link":"https:\/\/www.ablease.be\/fr\/product\/bmw-ix3-50-xdrive-m-sport-pack-pro-kopie\/","title":{"rendered":"BMW iX3 50 xDrive M Sport Pack Pro"},"content":{"rendered":"<p>La BMW iX3 50 xDrive est \u00e9quip\u00e9e d&rsquo;un moteur \u00e9lectrique d\u00e9livrant une puissance de 345 kW (469 ch) et d&rsquo;une transmission int\u00e9grale \u00e9lectrique. Sa batterie de 108,7 kWh offre une autonomie de 678 \u00e0 805 kilom\u00e8tres selon la norme WLTP. Gr\u00e2ce \u00e0 la technologie 800 V, la batterie peut \u00eatre recharg\u00e9e en seulement 10 minutes pour atteindre une autonomie de 372 kilom\u00e8tres. L&rsquo;int\u00e9rieur de la iX3 est dot\u00e9 du syst\u00e8me BMW Panoramic iDrive, optimisant l&rsquo;interaction entre le conducteur et le v\u00e9hicule. De plus, un nouveau syst\u00e8me d&rsquo;infodivertissement avec le logiciel BMW OS9 et une molette iDrive sont pr\u00e9sents. Un \u00e9l\u00e9ment distinctif est le bandeau de donn\u00e9es panoramique traversant la largeur du pare-brise.<\/p>\n","protected":false},"excerpt":{"rendered":"<p>La BMW iX3 50 xDrive est \u00e9quip\u00e9e d&rsquo;un moteur \u00e9lectrique d\u00e9livrant une puissance de 345 kW (469 ch) et d&rsquo;une transmission int\u00e9grale \u00e9lectrique. Sa batterie de 108,7 kWh offre une autonomie de 678 \u00e0 805 kilom\u00e8tres selon la norme WLTP. Gr\u00e2ce \u00e0 la technologie 800 V, la batterie peut \u00eatre recharg\u00e9e en seulement 10 minutes [&hellip;]<\/p>\n","protected":false},"featured_media":12794,"comment_status":"closed","ping_status":"closed","template":"","meta":[],"product_brand":[118],"product_cat":[206,218],"product_tag":[],"class_list":{"0":"post-12782","1":"product","2":"type-product","3":"status-publish","4":"has-post-thumbnail","6":"product_brand-bmw","7":"product_cat-bmw-fr","8":"product_cat-ix3-fr","10":"first","11":"instock","12":"shipping-taxable","13":"purchasable","14":"product-type-simple"},"yoast_head":"<!-- This site is optimized with the Yoast SEO plugin v26.5 - https:\/\/yoast.com\/wordpress\/plugins\/seo\/ -->\n<title>BMW iX3 50 xDrive M Sport Pack Pro - AB Lease<\/title>\n<meta name=\"robots\" content=\"index, follow, max-snippet:-1, max-image-preview:large, max-video-preview:-1\" \/>\n<link rel=\"canonical\" href=\"https:\/\/www.ablease.be\/fr\/product\/bmw-ix3-50-xdrive-m-sport-pack-pro-kopie\/\" \/>\n<meta property=\"og:locale\" content=\"fr_FR\" \/>\n<meta property=\"og:type\" content=\"article\" \/>\n<meta property=\"og:title\" content=\"BMW iX3 50 xDrive M Sport Pack Pro - AB Lease\" \/>\n<meta property=\"og:description\" content=\"La BMW iX3 50 xDrive est \u00e9quip\u00e9e d&rsquo;un moteur \u00e9lectrique d\u00e9livrant une puissance de 345 kW (469 ch) et d&rsquo;une transmission int\u00e9grale \u00e9lectrique. Sa batterie de 108,7 kWh offre une autonomie de 678 \u00e0 805 kilom\u00e8tres selon la norme WLTP. Gr\u00e2ce \u00e0 la technologie 800 V, la batterie peut \u00eatre recharg\u00e9e en seulement 10 minutes [&hellip;]\" \/>\n<meta property=\"og:url\" content=\"https:\/\/www.ablease.be\/fr\/product\/bmw-ix3-50-xdrive-m-sport-pack-pro-kopie\/\" \/>\n<meta property=\"og:site_name\" content=\"AB Lease\" \/>\n<meta property=\"article:modified_time\" content=\"2026-01-07T17:29:24+00:00\" \/>\n<meta property=\"og:image\" content=\"https:\/\/www.ablease.be\/wp-content\/uploads\/2025\/12\/05_ab_lease_BMW_iX3_50_xDrive_M_Sport_Pack_Pro.webp\" \/>\n\t<meta property=\"og:image:width\" content=\"1000\" \/>\n\t<meta property=\"og:image:height\" content=\"680\" \/>\n\t<meta property=\"og:image:type\" content=\"image\/webp\" \/>\n<meta name=\"twitter:card\" content=\"summary_large_image\" \/>\n<meta name=\"twitter:label1\" content=\"Dur\u00e9e de lecture estim\u00e9e\" \/>\n\t<meta name=\"twitter:data1\" content=\"1 minute\" \/>\n<script type=\"application\/ld+json\" class=\"yoast-schema-graph\">{\"@context\":\"https:\/\/schema.org\",\"@graph\":[{\"@type\":\"WebPage\",\"@id\":\"https:\/\/www.ablease.be\/fr\/product\/bmw-ix3-50-xdrive-m-sport-pack-pro-kopie\/\",\"url\":\"https:\/\/www.ablease.be\/fr\/product\/bmw-ix3-50-xdrive-m-sport-pack-pro-kopie\/\",\"name\":\"BMW iX3 50 xDrive M Sport Pack Pro - AB Lease\",\"isPartOf\":{\"@id\":\"https:\/\/www.ablease.be\/fr\/#website\"},\"primaryImageOfPage\":{\"@id\":\"https:\/\/www.ablease.be\/fr\/product\/bmw-ix3-50-xdrive-m-sport-pack-pro-kopie\/#primaryimage\"},\"image\":{\"@id\":\"https:\/\/www.ablease.be\/fr\/product\/bmw-ix3-50-xdrive-m-sport-pack-pro-kopie\/#primaryimage\"},\"thumbnailUrl\":\"https:\/\/www.ablease.be\/wp-content\/uploads\/2025\/12\/05_ab_lease_BMW_iX3_50_xDrive_M_Sport_Pack_Pro.webp\",\"datePublished\":\"2025-12-22T16:18:14+00:00\",\"dateModified\":\"2026-01-07T17:29:24+00:00\",\"breadcrumb\":{\"@id\":\"https:\/\/www.ablease.be\/fr\/product\/bmw-ix3-50-xdrive-m-sport-pack-pro-kopie\/#breadcrumb\"},\"inLanguage\":\"fr-FR\",\"potentialAction\":[{\"@type\":\"ReadAction\",\"target\":[\"https:\/\/www.ablease.be\/fr\/product\/bmw-ix3-50-xdrive-m-sport-pack-pro-kopie\/\"]}]},{\"@type\":\"ImageObject\",\"inLanguage\":\"fr-FR\",\"@id\":\"https:\/\/www.ablease.be\/fr\/product\/bmw-ix3-50-xdrive-m-sport-pack-pro-kopie\/#primaryimage\",\"url\":\"https:\/\/www.ablease.be\/wp-content\/uploads\/2025\/12\/05_ab_lease_BMW_iX3_50_xDrive_M_Sport_Pack_Pro.webp\",\"contentUrl\":\"https:\/\/www.ablease.be\/wp-content\/uploads\/2025\/12\/05_ab_lease_BMW_iX3_50_xDrive_M_Sport_Pack_Pro.webp\",\"width\":1000,\"height\":680},{\"@type\":\"BreadcrumbList\",\"@id\":\"https:\/\/www.ablease.be\/fr\/product\/bmw-ix3-50-xdrive-m-sport-pack-pro-kopie\/#breadcrumb\",\"itemListElement\":[{\"@type\":\"ListItem\",\"position\":1,\"name\":\"Home\",\"item\":\"https:\/\/www.ablease.be\/fr\/\"},{\"@type\":\"ListItem\",\"position\":2,\"name\":\"Recherche voitures\",\"item\":\"https:\/\/www.ablease.be\/fr\/recherche-voitures\/\"},{\"@type\":\"ListItem\",\"position\":3,\"name\":\"BMW iX3 50 xDrive M Sport Pack Pro\"}]},{\"@type\":\"WebSite\",\"@id\":\"https:\/\/www.ablease.be\/fr\/#website\",\"url\":\"https:\/\/www.ablease.be\/fr\/\",\"name\":\"AB Lease\",\"description\":\"\",\"publisher\":{\"@id\":\"https:\/\/www.ablease.be\/fr\/#organization\"},\"potentialAction\":[{\"@type\":\"SearchAction\",\"target\":{\"@type\":\"EntryPoint\",\"urlTemplate\":\"https:\/\/www.ablease.be\/fr\/?s={search_term_string}\"},\"query-input\":{\"@type\":\"PropertyValueSpecification\",\"valueRequired\":true,\"valueName\":\"search_term_string\"}}],\"inLanguage\":\"fr-FR\"},{\"@type\":\"Organization\",\"@id\":\"https:\/\/www.ablease.be\/fr\/#organization\",\"name\":\"AB Lease\",\"url\":\"https:\/\/www.ablease.be\/fr\/\",\"logo\":{\"@type\":\"ImageObject\",\"inLanguage\":\"fr-FR\",\"@id\":\"https:\/\/www.ablease.be\/fr\/#\/schema\/logo\/image\/\",\"url\":\"https:\/\/www.ablease.be\/wp-content\/uploads\/2022\/07\/ablogo.webp\",\"contentUrl\":\"https:\/\/www.ablease.be\/wp-content\/uploads\/2022\/07\/ablogo.webp\",\"width\":284,\"height\":137,\"caption\":\"AB Lease\"},\"image\":{\"@id\":\"https:\/\/www.ablease.be\/fr\/#\/schema\/logo\/image\/\"}}]}<\/script>\n<!-- \/ Yoast SEO plugin. -->","yoast_head_json":{"title":"BMW iX3 50 xDrive M Sport Pack Pro - AB Lease","robots":{"index":"index","follow":"follow","max-snippet":"max-snippet:-1","max-image-preview":"max-image-preview:large","max-video-preview":"max-video-preview:-1"},"canonical":"https:\/\/www.ablease.be\/fr\/product\/bmw-ix3-50-xdrive-m-sport-pack-pro-kopie\/","og_locale":"fr_FR","og_type":"article","og_title":"BMW iX3 50 xDrive M Sport Pack Pro - AB Lease","og_description":"La BMW iX3 50 xDrive est \u00e9quip\u00e9e d&rsquo;un moteur \u00e9lectrique d\u00e9livrant une puissance de 345 kW (469 ch) et d&rsquo;une transmission int\u00e9grale \u00e9lectrique. Sa batterie de 108,7 kWh offre une autonomie de 678 \u00e0 805 kilom\u00e8tres selon la norme WLTP. Gr\u00e2ce \u00e0 la technologie 800 V, la batterie peut \u00eatre recharg\u00e9e en seulement 10 minutes [&hellip;]","og_url":"https:\/\/www.ablease.be\/fr\/product\/bmw-ix3-50-xdrive-m-sport-pack-pro-kopie\/","og_site_name":"AB Lease","article_modified_time":"2026-01-07T17:29:24+00:00","og_image":[{"width":1000,"height":680,"url":"https:\/\/www.ablease.be\/wp-content\/uploads\/2025\/12\/05_ab_lease_BMW_iX3_50_xDrive_M_Sport_Pack_Pro.webp","type":"image\/webp"}],"twitter_card":"summary_large_image","twitter_misc":{"Dur\u00e9e de lecture estim\u00e9e":"1 minute"},"schema":{"@context":"https:\/\/schema.org","@graph":[{"@type":"WebPage","@id":"https:\/\/www.ablease.be\/fr\/product\/bmw-ix3-50-xdrive-m-sport-pack-pro-kopie\/","url":"https:\/\/www.ablease.be\/fr\/product\/bmw-ix3-50-xdrive-m-sport-pack-pro-kopie\/","name":"BMW iX3 50 xDrive M Sport Pack Pro - AB Lease","isPartOf":{"@id":"https:\/\/www.ablease.be\/fr\/#website"},"primaryImageOfPage":{"@id":"https:\/\/www.ablease.be\/fr\/product\/bmw-ix3-50-xdrive-m-sport-pack-pro-kopie\/#primaryimage"},"image":{"@id":"https:\/\/www.ablease.be\/fr\/product\/bmw-ix3-50-xdrive-m-sport-pack-pro-kopie\/#primaryimage"},"thumbnailUrl":"https:\/\/www.ablease.be\/wp-content\/uploads\/2025\/12\/05_ab_lease_BMW_iX3_50_xDrive_M_Sport_Pack_Pro.webp","datePublished":"2025-12-22T16:18:14+00:00","dateModified":"2026-01-07T17:29:24+00:00","breadcrumb":{"@id":"https:\/\/www.ablease.be\/fr\/product\/bmw-ix3-50-xdrive-m-sport-pack-pro-kopie\/#breadcrumb"},"inLanguage":"fr-FR","potentialAction":[{"@type":"ReadAction","target":["https:\/\/www.ablease.be\/fr\/product\/bmw-ix3-50-xdrive-m-sport-pack-pro-kopie\/"]}]},{"@type":"ImageObject","inLanguage":"fr-FR","@id":"https:\/\/www.ablease.be\/fr\/product\/bmw-ix3-50-xdrive-m-sport-pack-pro-kopie\/#primaryimage","url":"https:\/\/www.ablease.be\/wp-content\/uploads\/2025\/12\/05_ab_lease_BMW_iX3_50_xDrive_M_Sport_Pack_Pro.webp","contentUrl":"https:\/\/www.ablease.be\/wp-content\/uploads\/2025\/12\/05_ab_lease_BMW_iX3_50_xDrive_M_Sport_Pack_Pro.webp","width":1000,"height":680},{"@type":"BreadcrumbList","@id":"https:\/\/www.ablease.be\/fr\/product\/bmw-ix3-50-xdrive-m-sport-pack-pro-kopie\/#breadcrumb","itemListElement":[{"@type":"ListItem","position":1,"name":"Home","item":"https:\/\/www.ablease.be\/fr\/"},{"@type":"ListItem","position":2,"name":"Recherche voitures","item":"https:\/\/www.ablease.be\/fr\/recherche-voitures\/"},{"@type":"ListItem","position":3,"name":"BMW iX3 50 xDrive M Sport Pack Pro"}]},{"@type":"WebSite","@id":"https:\/\/www.ablease.be\/fr\/#website","url":"https:\/\/www.ablease.be\/fr\/","name":"AB Lease","description":"","publisher":{"@id":"https:\/\/www.ablease.be\/fr\/#organization"},"potentialAction":[{"@type":"SearchAction","target":{"@type":"EntryPoint","urlTemplate":"https:\/\/www.ablease.be\/fr\/?s={search_term_string}"},"query-input":{"@type":"PropertyValueSpecification","valueRequired":true,"valueName":"search_term_string"}}],"inLanguage":"fr-FR"},{"@type":"Organization","@id":"https:\/\/www.ablease.be\/fr\/#organization","name":"AB Lease","url":"https:\/\/www.ablease.be\/fr\/","logo":{"@type":"ImageObject","inLanguage":"fr-FR","@id":"https:\/\/www.ablease.be\/fr\/#\/schema\/logo\/image\/","url":"https:\/\/www.ablease.be\/wp-content\/uploads\/2022\/07\/ablogo.webp","contentUrl":"https:\/\/www.ablease.be\/wp-content\/uploads\/2022\/07\/ablogo.webp","width":284,"height":137,"caption":"AB Lease"},"image":{"@id":"https:\/\/www.ablease.be\/fr\/#\/schema\/logo\/image\/"}}]}},"_links":{"self":[{"href":"https:\/\/www.ablease.be\/fr\/wp-json\/wp\/v2\/product\/12782","targetHints":{"allow":["GET"]}}],"collection":[{"href":"https:\/\/www.ablease.be\/fr\/wp-json\/wp\/v2\/product"}],"about":[{"href":"https:\/\/www.ablease.be\/fr\/wp-json\/wp\/v2\/types\/product"}],"replies":[{"embeddable":true,"href":"https:\/\/www.ablease.be\/fr\/wp-json\/wp\/v2\/comments?post=12782"}],"wp:featuredmedia":[{"embeddable":true,"href":"https:\/\/www.ablease.be\/fr\/wp-json\/wp\/v2\/media\/12794"}],"wp:attachment":[{"href":"https:\/\/www.ablease.be\/fr\/wp-json\/wp\/v2\/media?parent=12782"}],"wp:term":[{"taxonomy":"product_brand","embeddable":true,"href":"https:\/\/www.ablease.be\/fr\/wp-json\/wp\/v2\/product_brand?post=12782"},{"taxonomy":"product_cat","embeddable":true,"href":"https:\/\/www.ablease.be\/fr\/wp-json\/wp\/v2\/product_cat?post=12782"},{"taxonomy":"product_tag","embeddable":true,"href":"https:\/\/www.ablease.be\/fr\/wp-json\/wp\/v2\/product_tag?post=12782"}],"curies":[{"name":"wp","href":"https:\/\/api.w.org\/{rel}","templated":true}]}}