{"id":12697,"date":"2025-12-19T18:07:19","date_gmt":"2025-12-19T17:07:19","guid":{"rendered":"https:\/\/www.ablease.be\/?post_type=product&#038;p=12697"},"modified":"2026-01-09T08:40:36","modified_gmt":"2026-01-09T07:40:36","slug":"audi-q4-40-e-tron-advanced","status":"publish","type":"product","link":"https:\/\/www.ablease.be\/fr\/product\/audi-q4-40-e-tron-advanced\/","title":{"rendered":"Audi Q4 &#8211; 40 e-tron &#8211; Avanc\u00e9e"},"content":{"rendered":"<p>Ce devis est un exemple, bas\u00e9 sur le prix de base du v\u00e9hicule sans options suppl\u00e9mentaires. Chez AB Lease, nous sommes pr\u00eats \u00e0 travailler avec vous pour composer la voiture de vos r\u00eaves, enti\u00e8rement adapt\u00e9e \u00e0 vos besoins et \u00e0 un tarif attractif. N&rsquo;h\u00e9sitez pas \u00e0 nous contacter pour discuter des possibilit\u00e9s.<\/p>\n","protected":false},"excerpt":{"rendered":"<p>Ce devis est un exemple, bas\u00e9 sur le prix de base du v\u00e9hicule sans options suppl\u00e9mentaires. Chez AB Lease, nous sommes pr\u00eats \u00e0 travailler avec vous pour composer la voiture de vos r\u00eaves, enti\u00e8rement adapt\u00e9e \u00e0 vos besoins et \u00e0 un tarif attractif. N&rsquo;h\u00e9sitez pas \u00e0 nous contacter pour discuter des possibilit\u00e9s.<\/p>\n","protected":false},"featured_media":12569,"comment_status":"closed","ping_status":"closed","template":"","meta":[],"product_brand":[193],"product_cat":[200,280],"product_tag":[],"class_list":{"0":"post-12697","1":"product","2":"type-product","3":"status-publish","4":"has-post-thumbnail","6":"product_brand-audi","7":"product_cat-audi-fr","8":"product_cat-q4","10":"first","11":"instock","12":"shipping-taxable","13":"purchasable","14":"product-type-simple"},"yoast_head":"<!-- This site is optimized with the Yoast SEO plugin v26.5 - https:\/\/yoast.com\/wordpress\/plugins\/seo\/ -->\n<title>Audi Q4 - 40 e-tron - Avanc\u00e9e - AB Lease<\/title>\n<meta name=\"robots\" content=\"index, follow, max-snippet:-1, max-image-preview:large, max-video-preview:-1\" \/>\n<link rel=\"canonical\" href=\"https:\/\/www.ablease.be\/fr\/product\/audi-q4-40-e-tron-advanced\/\" \/>\n<meta property=\"og:locale\" content=\"fr_FR\" \/>\n<meta property=\"og:type\" content=\"article\" \/>\n<meta property=\"og:title\" content=\"Audi Q4 - 40 e-tron - Avanc\u00e9e - AB Lease\" \/>\n<meta property=\"og:description\" content=\"Ce devis est un exemple, bas\u00e9 sur le prix de base du v\u00e9hicule sans options suppl\u00e9mentaires. Chez AB Lease, nous sommes pr\u00eats \u00e0 travailler avec vous pour composer la voiture de vos r\u00eaves, enti\u00e8rement adapt\u00e9e \u00e0 vos besoins et \u00e0 un tarif attractif. N&rsquo;h\u00e9sitez pas \u00e0 nous contacter pour discuter des possibilit\u00e9s.\" \/>\n<meta property=\"og:url\" content=\"https:\/\/www.ablease.be\/fr\/product\/audi-q4-40-e-tron-advanced\/\" \/>\n<meta property=\"og:site_name\" content=\"AB Lease\" \/>\n<meta property=\"article:modified_time\" content=\"2026-01-09T07:40:36+00:00\" \/>\n<meta property=\"og:image\" content=\"https:\/\/www.ablease.be\/wp-content\/uploads\/2025\/12\/00_AB_LEASE_AUDI_Q4_e_tron_Advanced.webp\" \/>\n\t<meta property=\"og:image:width\" content=\"1000\" \/>\n\t<meta property=\"og:image:height\" content=\"485\" \/>\n\t<meta property=\"og:image:type\" content=\"image\/webp\" \/>\n<meta name=\"twitter:card\" content=\"summary_large_image\" \/>\n<meta name=\"twitter:label1\" content=\"Dur\u00e9e de lecture estim\u00e9e\" \/>\n\t<meta name=\"twitter:data1\" content=\"1 minute\" \/>\n<script type=\"application\/ld+json\" class=\"yoast-schema-graph\">{\"@context\":\"https:\/\/schema.org\",\"@graph\":[{\"@type\":\"WebPage\",\"@id\":\"https:\/\/www.ablease.be\/fr\/product\/audi-q4-40-e-tron-advanced\/\",\"url\":\"https:\/\/www.ablease.be\/fr\/product\/audi-q4-40-e-tron-advanced\/\",\"name\":\"Audi Q4 - 40 e-tron - Avanc\u00e9e - AB Lease\",\"isPartOf\":{\"@id\":\"https:\/\/www.ablease.be\/fr\/#website\"},\"primaryImageOfPage\":{\"@id\":\"https:\/\/www.ablease.be\/fr\/product\/audi-q4-40-e-tron-advanced\/#primaryimage\"},\"image\":{\"@id\":\"https:\/\/www.ablease.be\/fr\/product\/audi-q4-40-e-tron-advanced\/#primaryimage\"},\"thumbnailUrl\":\"https:\/\/www.ablease.be\/wp-content\/uploads\/2025\/12\/00_AB_LEASE_AUDI_Q4_e_tron_Advanced.webp\",\"datePublished\":\"2025-12-19T17:07:19+00:00\",\"dateModified\":\"2026-01-09T07:40:36+00:00\",\"breadcrumb\":{\"@id\":\"https:\/\/www.ablease.be\/fr\/product\/audi-q4-40-e-tron-advanced\/#breadcrumb\"},\"inLanguage\":\"fr-FR\",\"potentialAction\":[{\"@type\":\"ReadAction\",\"target\":[\"https:\/\/www.ablease.be\/fr\/product\/audi-q4-40-e-tron-advanced\/\"]}]},{\"@type\":\"ImageObject\",\"inLanguage\":\"fr-FR\",\"@id\":\"https:\/\/www.ablease.be\/fr\/product\/audi-q4-40-e-tron-advanced\/#primaryimage\",\"url\":\"https:\/\/www.ablease.be\/wp-content\/uploads\/2025\/12\/00_AB_LEASE_AUDI_Q4_e_tron_Advanced.webp\",\"contentUrl\":\"https:\/\/www.ablease.be\/wp-content\/uploads\/2025\/12\/00_AB_LEASE_AUDI_Q4_e_tron_Advanced.webp\",\"width\":1000,\"height\":485},{\"@type\":\"BreadcrumbList\",\"@id\":\"https:\/\/www.ablease.be\/fr\/product\/audi-q4-40-e-tron-advanced\/#breadcrumb\",\"itemListElement\":[{\"@type\":\"ListItem\",\"position\":1,\"name\":\"Home\",\"item\":\"https:\/\/www.ablease.be\/fr\/\"},{\"@type\":\"ListItem\",\"position\":2,\"name\":\"Recherche voitures\",\"item\":\"https:\/\/www.ablease.be\/fr\/recherche-voitures\/\"},{\"@type\":\"ListItem\",\"position\":3,\"name\":\"Audi Q4 &#8211; 40 e-tron &#8211; Avanc\u00e9e\"}]},{\"@type\":\"WebSite\",\"@id\":\"https:\/\/www.ablease.be\/fr\/#website\",\"url\":\"https:\/\/www.ablease.be\/fr\/\",\"name\":\"AB Lease\",\"description\":\"\",\"publisher\":{\"@id\":\"https:\/\/www.ablease.be\/fr\/#organization\"},\"potentialAction\":[{\"@type\":\"SearchAction\",\"target\":{\"@type\":\"EntryPoint\",\"urlTemplate\":\"https:\/\/www.ablease.be\/fr\/?s={search_term_string}\"},\"query-input\":{\"@type\":\"PropertyValueSpecification\",\"valueRequired\":true,\"valueName\":\"search_term_string\"}}],\"inLanguage\":\"fr-FR\"},{\"@type\":\"Organization\",\"@id\":\"https:\/\/www.ablease.be\/fr\/#organization\",\"name\":\"AB Lease\",\"url\":\"https:\/\/www.ablease.be\/fr\/\",\"logo\":{\"@type\":\"ImageObject\",\"inLanguage\":\"fr-FR\",\"@id\":\"https:\/\/www.ablease.be\/fr\/#\/schema\/logo\/image\/\",\"url\":\"https:\/\/www.ablease.be\/wp-content\/uploads\/2022\/07\/ablogo.webp\",\"contentUrl\":\"https:\/\/www.ablease.be\/wp-content\/uploads\/2022\/07\/ablogo.webp\",\"width\":284,\"height\":137,\"caption\":\"AB Lease\"},\"image\":{\"@id\":\"https:\/\/www.ablease.be\/fr\/#\/schema\/logo\/image\/\"}}]}<\/script>\n<!-- \/ Yoast SEO plugin. -->","yoast_head_json":{"title":"Audi Q4 - 40 e-tron - Avanc\u00e9e - AB Lease","robots":{"index":"index","follow":"follow","max-snippet":"max-snippet:-1","max-image-preview":"max-image-preview:large","max-video-preview":"max-video-preview:-1"},"canonical":"https:\/\/www.ablease.be\/fr\/product\/audi-q4-40-e-tron-advanced\/","og_locale":"fr_FR","og_type":"article","og_title":"Audi Q4 - 40 e-tron - Avanc\u00e9e - AB Lease","og_description":"Ce devis est un exemple, bas\u00e9 sur le prix de base du v\u00e9hicule sans options suppl\u00e9mentaires. Chez AB Lease, nous sommes pr\u00eats \u00e0 travailler avec vous pour composer la voiture de vos r\u00eaves, enti\u00e8rement adapt\u00e9e \u00e0 vos besoins et \u00e0 un tarif attractif. N&rsquo;h\u00e9sitez pas \u00e0 nous contacter pour discuter des possibilit\u00e9s.","og_url":"https:\/\/www.ablease.be\/fr\/product\/audi-q4-40-e-tron-advanced\/","og_site_name":"AB Lease","article_modified_time":"2026-01-09T07:40:36+00:00","og_image":[{"width":1000,"height":485,"url":"https:\/\/www.ablease.be\/wp-content\/uploads\/2025\/12\/00_AB_LEASE_AUDI_Q4_e_tron_Advanced.webp","type":"image\/webp"}],"twitter_card":"summary_large_image","twitter_misc":{"Dur\u00e9e de lecture estim\u00e9e":"1 minute"},"schema":{"@context":"https:\/\/schema.org","@graph":[{"@type":"WebPage","@id":"https:\/\/www.ablease.be\/fr\/product\/audi-q4-40-e-tron-advanced\/","url":"https:\/\/www.ablease.be\/fr\/product\/audi-q4-40-e-tron-advanced\/","name":"Audi Q4 - 40 e-tron - Avanc\u00e9e - AB Lease","isPartOf":{"@id":"https:\/\/www.ablease.be\/fr\/#website"},"primaryImageOfPage":{"@id":"https:\/\/www.ablease.be\/fr\/product\/audi-q4-40-e-tron-advanced\/#primaryimage"},"image":{"@id":"https:\/\/www.ablease.be\/fr\/product\/audi-q4-40-e-tron-advanced\/#primaryimage"},"thumbnailUrl":"https:\/\/www.ablease.be\/wp-content\/uploads\/2025\/12\/00_AB_LEASE_AUDI_Q4_e_tron_Advanced.webp","datePublished":"2025-12-19T17:07:19+00:00","dateModified":"2026-01-09T07:40:36+00:00","breadcrumb":{"@id":"https:\/\/www.ablease.be\/fr\/product\/audi-q4-40-e-tron-advanced\/#breadcrumb"},"inLanguage":"fr-FR","potentialAction":[{"@type":"ReadAction","target":["https:\/\/www.ablease.be\/fr\/product\/audi-q4-40-e-tron-advanced\/"]}]},{"@type":"ImageObject","inLanguage":"fr-FR","@id":"https:\/\/www.ablease.be\/fr\/product\/audi-q4-40-e-tron-advanced\/#primaryimage","url":"https:\/\/www.ablease.be\/wp-content\/uploads\/2025\/12\/00_AB_LEASE_AUDI_Q4_e_tron_Advanced.webp","contentUrl":"https:\/\/www.ablease.be\/wp-content\/uploads\/2025\/12\/00_AB_LEASE_AUDI_Q4_e_tron_Advanced.webp","width":1000,"height":485},{"@type":"BreadcrumbList","@id":"https:\/\/www.ablease.be\/fr\/product\/audi-q4-40-e-tron-advanced\/#breadcrumb","itemListElement":[{"@type":"ListItem","position":1,"name":"Home","item":"https:\/\/www.ablease.be\/fr\/"},{"@type":"ListItem","position":2,"name":"Recherche voitures","item":"https:\/\/www.ablease.be\/fr\/recherche-voitures\/"},{"@type":"ListItem","position":3,"name":"Audi Q4 &#8211; 40 e-tron &#8211; Avanc\u00e9e"}]},{"@type":"WebSite","@id":"https:\/\/www.ablease.be\/fr\/#website","url":"https:\/\/www.ablease.be\/fr\/","name":"AB Lease","description":"","publisher":{"@id":"https:\/\/www.ablease.be\/fr\/#organization"},"potentialAction":[{"@type":"SearchAction","target":{"@type":"EntryPoint","urlTemplate":"https:\/\/www.ablease.be\/fr\/?s={search_term_string}"},"query-input":{"@type":"PropertyValueSpecification","valueRequired":true,"valueName":"search_term_string"}}],"inLanguage":"fr-FR"},{"@type":"Organization","@id":"https:\/\/www.ablease.be\/fr\/#organization","name":"AB Lease","url":"https:\/\/www.ablease.be\/fr\/","logo":{"@type":"ImageObject","inLanguage":"fr-FR","@id":"https:\/\/www.ablease.be\/fr\/#\/schema\/logo\/image\/","url":"https:\/\/www.ablease.be\/wp-content\/uploads\/2022\/07\/ablogo.webp","contentUrl":"https:\/\/www.ablease.be\/wp-content\/uploads\/2022\/07\/ablogo.webp","width":284,"height":137,"caption":"AB Lease"},"image":{"@id":"https:\/\/www.ablease.be\/fr\/#\/schema\/logo\/image\/"}}]}},"_links":{"self":[{"href":"https:\/\/www.ablease.be\/fr\/wp-json\/wp\/v2\/product\/12697","targetHints":{"allow":["GET"]}}],"collection":[{"href":"https:\/\/www.ablease.be\/fr\/wp-json\/wp\/v2\/product"}],"about":[{"href":"https:\/\/www.ablease.be\/fr\/wp-json\/wp\/v2\/types\/product"}],"replies":[{"embeddable":true,"href":"https:\/\/www.ablease.be\/fr\/wp-json\/wp\/v2\/comments?post=12697"}],"wp:featuredmedia":[{"embeddable":true,"href":"https:\/\/www.ablease.be\/fr\/wp-json\/wp\/v2\/media\/12569"}],"wp:attachment":[{"href":"https:\/\/www.ablease.be\/fr\/wp-json\/wp\/v2\/media?parent=12697"}],"wp:term":[{"taxonomy":"product_brand","embeddable":true,"href":"https:\/\/www.ablease.be\/fr\/wp-json\/wp\/v2\/product_brand?post=12697"},{"taxonomy":"product_cat","embeddable":true,"href":"https:\/\/www.ablease.be\/fr\/wp-json\/wp\/v2\/product_cat?post=12697"},{"taxonomy":"product_tag","embeddable":true,"href":"https:\/\/www.ablease.be\/fr\/wp-json\/wp\/v2\/product_tag?post=12697"}],"curies":[{"name":"wp","href":"https:\/\/api.w.org\/{rel}","templated":true}]}}