{"id":11909,"date":"2025-12-05T12:34:01","date_gmt":"2025-12-05T11:34:01","guid":{"rendered":"https:\/\/www.ablease.be\/\/product\/audi-q3-suv-corporate-s-e-hybrid-200-kw-s-tronic\/"},"modified":"2026-02-24T14:03:34","modified_gmt":"2026-02-24T13:03:34","slug":"audi-q3-suv-corporate-s-e-hybrid-200-kw-s-tronic","status":"publish","type":"product","link":"https:\/\/www.ablease.be\/fr\/product\/audi-q3-suv-corporate-s-e-hybrid-200-kw-s-tronic\/","title":{"rendered":"AUDI &#8211; Q3 &#8211; SUV &#8211; Corporate S &#8211; e-hybrid 200 kW S tronic"},"content":{"rendered":"<p>D\u00e9couvrez l\u2019Audi Q3 SUV Corporate S e\u2011hybrid 200 kW S tronic : une combinaison parfaite de performances puissantes et de technologie avanc\u00e9e. Avec une puissance syst\u00e8me de 200 kW (272 ch) et un couple de 400 Nm, ce SUV acc\u00e9l\u00e8re de 0 \u00e0 100 km\/h en seulement 6,8 secondes. Gr\u00e2ce \u00e0 la technologie avanc\u00e9e hybride rechargeable, la Q3 e\u2011hybrid offre une autonomie \u00e9lectrique allant jusqu\u2019\u00e0 119 km, id\u00e9ale pour un usage quotidien et les longs trajets. La batterie de 25,7 kWh peut \u00eatre recharg\u00e9e rapidement, vous permettant d\u2019\u00eatre toujours pr\u00eat pour la prochaine sortie. Avec une consommation mixte de 1,9 l\/100 km et des \u00e9missions de CO\u2082 de 43 g\/km, l\u2019Audi Q3 e\u2011hybrid n\u2019est pas seulement puissante, elle est aussi respectueuse de l\u2019environnement. D\u00e9couvrez le futur de la conduite avec l\u2019Audi Q3 SUV Corporate S e\u2011hybrid 200 kW S tronic.     <\/p>\n","protected":false},"excerpt":{"rendered":"<p>D\u00e9couvrez l\u2019Audi Q3 SUV Corporate S e\u2011hybrid 200 kW S tronic : une combinaison parfaite de performances puissantes et de technologie avanc\u00e9e. Avec une puissance syst\u00e8me de 200 kW (272 ch) et un couple de 400 Nm, ce SUV acc\u00e9l\u00e8re de 0 \u00e0 100 km\/h en seulement 6,8 secondes. Gr\u00e2ce \u00e0 la technologie avanc\u00e9e hybride [&hellip;]<\/p>\n","protected":false},"featured_media":11608,"comment_status":"closed","ping_status":"closed","template":"","meta":[],"product_brand":[193],"product_cat":[200,204],"product_tag":[],"class_list":{"0":"post-11909","1":"product","2":"type-product","3":"status-publish","4":"has-post-thumbnail","6":"product_brand-audi","7":"product_cat-audi-fr","8":"product_cat-q3-fr","10":"first","11":"instock","12":"shipping-taxable","13":"purchasable","14":"product-type-simple"},"yoast_head":"<!-- This site is optimized with the Yoast SEO plugin v26.5 - https:\/\/yoast.com\/wordpress\/plugins\/seo\/ -->\n<title>AUDI - Q3 - SUV - Corporate S - e-hybrid 200 kW S tronic - AB Lease<\/title>\n<meta name=\"robots\" content=\"index, follow, max-snippet:-1, max-image-preview:large, max-video-preview:-1\" \/>\n<link rel=\"canonical\" href=\"https:\/\/www.ablease.be\/fr\/product\/audi-q3-suv-corporate-s-e-hybrid-200-kw-s-tronic\/\" \/>\n<meta property=\"og:locale\" content=\"fr_FR\" \/>\n<meta property=\"og:type\" content=\"article\" \/>\n<meta property=\"og:title\" content=\"AUDI - Q3 - SUV - Corporate S - e-hybrid 200 kW S tronic - AB Lease\" \/>\n<meta property=\"og:description\" content=\"D\u00e9couvrez l\u2019Audi Q3 SUV Corporate S e\u2011hybrid 200 kW S tronic : une combinaison parfaite de performances puissantes et de technologie avanc\u00e9e. Avec une puissance syst\u00e8me de 200 kW (272 ch) et un couple de 400 Nm, ce SUV acc\u00e9l\u00e8re de 0 \u00e0 100 km\/h en seulement 6,8 secondes. Gr\u00e2ce \u00e0 la technologie avanc\u00e9e hybride [&hellip;]\" \/>\n<meta property=\"og:url\" content=\"https:\/\/www.ablease.be\/fr\/product\/audi-q3-suv-corporate-s-e-hybrid-200-kw-s-tronic\/\" \/>\n<meta property=\"og:site_name\" content=\"AB Lease\" \/>\n<meta property=\"article:modified_time\" content=\"2026-02-24T13:03:34+00:00\" \/>\n<meta property=\"og:image\" content=\"https:\/\/www.ablease.be\/wp-content\/uploads\/2025\/12\/05_AB_LEASE_Audi_Q3_SUV_Corporate_S-e_hybrid_200_kW_S_tronic.webp\" \/>\n\t<meta property=\"og:image:width\" content=\"1920\" \/>\n\t<meta property=\"og:image:height\" content=\"1080\" \/>\n\t<meta property=\"og:image:type\" content=\"image\/webp\" \/>\n<meta name=\"twitter:card\" content=\"summary_large_image\" \/>\n<meta name=\"twitter:label1\" content=\"Dur\u00e9e de lecture estim\u00e9e\" \/>\n\t<meta name=\"twitter:data1\" content=\"1 minute\" \/>\n<script type=\"application\/ld+json\" class=\"yoast-schema-graph\">{\"@context\":\"https:\/\/schema.org\",\"@graph\":[{\"@type\":\"WebPage\",\"@id\":\"https:\/\/www.ablease.be\/fr\/product\/audi-q3-suv-corporate-s-e-hybrid-200-kw-s-tronic\/\",\"url\":\"https:\/\/www.ablease.be\/fr\/product\/audi-q3-suv-corporate-s-e-hybrid-200-kw-s-tronic\/\",\"name\":\"AUDI - Q3 - SUV - Corporate S - e-hybrid 200 kW S tronic - AB Lease\",\"isPartOf\":{\"@id\":\"https:\/\/www.ablease.be\/fr\/#website\"},\"primaryImageOfPage\":{\"@id\":\"https:\/\/www.ablease.be\/fr\/product\/audi-q3-suv-corporate-s-e-hybrid-200-kw-s-tronic\/#primaryimage\"},\"image\":{\"@id\":\"https:\/\/www.ablease.be\/fr\/product\/audi-q3-suv-corporate-s-e-hybrid-200-kw-s-tronic\/#primaryimage\"},\"thumbnailUrl\":\"https:\/\/www.ablease.be\/wp-content\/uploads\/2025\/12\/05_AB_LEASE_Audi_Q3_SUV_Corporate_S-e_hybrid_200_kW_S_tronic.webp\",\"datePublished\":\"2025-12-05T11:34:01+00:00\",\"dateModified\":\"2026-02-24T13:03:34+00:00\",\"breadcrumb\":{\"@id\":\"https:\/\/www.ablease.be\/fr\/product\/audi-q3-suv-corporate-s-e-hybrid-200-kw-s-tronic\/#breadcrumb\"},\"inLanguage\":\"fr-FR\",\"potentialAction\":[{\"@type\":\"ReadAction\",\"target\":[\"https:\/\/www.ablease.be\/fr\/product\/audi-q3-suv-corporate-s-e-hybrid-200-kw-s-tronic\/\"]}]},{\"@type\":\"ImageObject\",\"inLanguage\":\"fr-FR\",\"@id\":\"https:\/\/www.ablease.be\/fr\/product\/audi-q3-suv-corporate-s-e-hybrid-200-kw-s-tronic\/#primaryimage\",\"url\":\"https:\/\/www.ablease.be\/wp-content\/uploads\/2025\/12\/05_AB_LEASE_Audi_Q3_SUV_Corporate_S-e_hybrid_200_kW_S_tronic.webp\",\"contentUrl\":\"https:\/\/www.ablease.be\/wp-content\/uploads\/2025\/12\/05_AB_LEASE_Audi_Q3_SUV_Corporate_S-e_hybrid_200_kW_S_tronic.webp\",\"width\":1920,\"height\":1080},{\"@type\":\"BreadcrumbList\",\"@id\":\"https:\/\/www.ablease.be\/fr\/product\/audi-q3-suv-corporate-s-e-hybrid-200-kw-s-tronic\/#breadcrumb\",\"itemListElement\":[{\"@type\":\"ListItem\",\"position\":1,\"name\":\"Home\",\"item\":\"https:\/\/www.ablease.be\/fr\/\"},{\"@type\":\"ListItem\",\"position\":2,\"name\":\"Recherche voitures\",\"item\":\"https:\/\/www.ablease.be\/fr\/recherche-voitures\/\"},{\"@type\":\"ListItem\",\"position\":3,\"name\":\"AUDI &#8211; Q3 &#8211; SUV &#8211; Corporate S &#8211; e-hybrid 200 kW S tronic\"}]},{\"@type\":\"WebSite\",\"@id\":\"https:\/\/www.ablease.be\/fr\/#website\",\"url\":\"https:\/\/www.ablease.be\/fr\/\",\"name\":\"AB Lease\",\"description\":\"\",\"publisher\":{\"@id\":\"https:\/\/www.ablease.be\/fr\/#organization\"},\"potentialAction\":[{\"@type\":\"SearchAction\",\"target\":{\"@type\":\"EntryPoint\",\"urlTemplate\":\"https:\/\/www.ablease.be\/fr\/?s={search_term_string}\"},\"query-input\":{\"@type\":\"PropertyValueSpecification\",\"valueRequired\":true,\"valueName\":\"search_term_string\"}}],\"inLanguage\":\"fr-FR\"},{\"@type\":\"Organization\",\"@id\":\"https:\/\/www.ablease.be\/fr\/#organization\",\"name\":\"AB Lease\",\"url\":\"https:\/\/www.ablease.be\/fr\/\",\"logo\":{\"@type\":\"ImageObject\",\"inLanguage\":\"fr-FR\",\"@id\":\"https:\/\/www.ablease.be\/fr\/#\/schema\/logo\/image\/\",\"url\":\"https:\/\/www.ablease.be\/wp-content\/uploads\/2022\/07\/ablogo.webp\",\"contentUrl\":\"https:\/\/www.ablease.be\/wp-content\/uploads\/2022\/07\/ablogo.webp\",\"width\":284,\"height\":137,\"caption\":\"AB Lease\"},\"image\":{\"@id\":\"https:\/\/www.ablease.be\/fr\/#\/schema\/logo\/image\/\"}}]}<\/script>\n<!-- \/ Yoast SEO plugin. -->","yoast_head_json":{"title":"AUDI - Q3 - SUV - Corporate S - e-hybrid 200 kW S tronic - AB Lease","robots":{"index":"index","follow":"follow","max-snippet":"max-snippet:-1","max-image-preview":"max-image-preview:large","max-video-preview":"max-video-preview:-1"},"canonical":"https:\/\/www.ablease.be\/fr\/product\/audi-q3-suv-corporate-s-e-hybrid-200-kw-s-tronic\/","og_locale":"fr_FR","og_type":"article","og_title":"AUDI - Q3 - SUV - Corporate S - e-hybrid 200 kW S tronic - AB Lease","og_description":"D\u00e9couvrez l\u2019Audi Q3 SUV Corporate S e\u2011hybrid 200 kW S tronic : une combinaison parfaite de performances puissantes et de technologie avanc\u00e9e. Avec une puissance syst\u00e8me de 200 kW (272 ch) et un couple de 400 Nm, ce SUV acc\u00e9l\u00e8re de 0 \u00e0 100 km\/h en seulement 6,8 secondes. Gr\u00e2ce \u00e0 la technologie avanc\u00e9e hybride [&hellip;]","og_url":"https:\/\/www.ablease.be\/fr\/product\/audi-q3-suv-corporate-s-e-hybrid-200-kw-s-tronic\/","og_site_name":"AB Lease","article_modified_time":"2026-02-24T13:03:34+00:00","og_image":[{"width":1920,"height":1080,"url":"https:\/\/www.ablease.be\/wp-content\/uploads\/2025\/12\/05_AB_LEASE_Audi_Q3_SUV_Corporate_S-e_hybrid_200_kW_S_tronic.webp","type":"image\/webp"}],"twitter_card":"summary_large_image","twitter_misc":{"Dur\u00e9e de lecture estim\u00e9e":"1 minute"},"schema":{"@context":"https:\/\/schema.org","@graph":[{"@type":"WebPage","@id":"https:\/\/www.ablease.be\/fr\/product\/audi-q3-suv-corporate-s-e-hybrid-200-kw-s-tronic\/","url":"https:\/\/www.ablease.be\/fr\/product\/audi-q3-suv-corporate-s-e-hybrid-200-kw-s-tronic\/","name":"AUDI - Q3 - SUV - Corporate S - e-hybrid 200 kW S tronic - AB Lease","isPartOf":{"@id":"https:\/\/www.ablease.be\/fr\/#website"},"primaryImageOfPage":{"@id":"https:\/\/www.ablease.be\/fr\/product\/audi-q3-suv-corporate-s-e-hybrid-200-kw-s-tronic\/#primaryimage"},"image":{"@id":"https:\/\/www.ablease.be\/fr\/product\/audi-q3-suv-corporate-s-e-hybrid-200-kw-s-tronic\/#primaryimage"},"thumbnailUrl":"https:\/\/www.ablease.be\/wp-content\/uploads\/2025\/12\/05_AB_LEASE_Audi_Q3_SUV_Corporate_S-e_hybrid_200_kW_S_tronic.webp","datePublished":"2025-12-05T11:34:01+00:00","dateModified":"2026-02-24T13:03:34+00:00","breadcrumb":{"@id":"https:\/\/www.ablease.be\/fr\/product\/audi-q3-suv-corporate-s-e-hybrid-200-kw-s-tronic\/#breadcrumb"},"inLanguage":"fr-FR","potentialAction":[{"@type":"ReadAction","target":["https:\/\/www.ablease.be\/fr\/product\/audi-q3-suv-corporate-s-e-hybrid-200-kw-s-tronic\/"]}]},{"@type":"ImageObject","inLanguage":"fr-FR","@id":"https:\/\/www.ablease.be\/fr\/product\/audi-q3-suv-corporate-s-e-hybrid-200-kw-s-tronic\/#primaryimage","url":"https:\/\/www.ablease.be\/wp-content\/uploads\/2025\/12\/05_AB_LEASE_Audi_Q3_SUV_Corporate_S-e_hybrid_200_kW_S_tronic.webp","contentUrl":"https:\/\/www.ablease.be\/wp-content\/uploads\/2025\/12\/05_AB_LEASE_Audi_Q3_SUV_Corporate_S-e_hybrid_200_kW_S_tronic.webp","width":1920,"height":1080},{"@type":"BreadcrumbList","@id":"https:\/\/www.ablease.be\/fr\/product\/audi-q3-suv-corporate-s-e-hybrid-200-kw-s-tronic\/#breadcrumb","itemListElement":[{"@type":"ListItem","position":1,"name":"Home","item":"https:\/\/www.ablease.be\/fr\/"},{"@type":"ListItem","position":2,"name":"Recherche voitures","item":"https:\/\/www.ablease.be\/fr\/recherche-voitures\/"},{"@type":"ListItem","position":3,"name":"AUDI &#8211; Q3 &#8211; SUV &#8211; Corporate S &#8211; e-hybrid 200 kW S tronic"}]},{"@type":"WebSite","@id":"https:\/\/www.ablease.be\/fr\/#website","url":"https:\/\/www.ablease.be\/fr\/","name":"AB Lease","description":"","publisher":{"@id":"https:\/\/www.ablease.be\/fr\/#organization"},"potentialAction":[{"@type":"SearchAction","target":{"@type":"EntryPoint","urlTemplate":"https:\/\/www.ablease.be\/fr\/?s={search_term_string}"},"query-input":{"@type":"PropertyValueSpecification","valueRequired":true,"valueName":"search_term_string"}}],"inLanguage":"fr-FR"},{"@type":"Organization","@id":"https:\/\/www.ablease.be\/fr\/#organization","name":"AB Lease","url":"https:\/\/www.ablease.be\/fr\/","logo":{"@type":"ImageObject","inLanguage":"fr-FR","@id":"https:\/\/www.ablease.be\/fr\/#\/schema\/logo\/image\/","url":"https:\/\/www.ablease.be\/wp-content\/uploads\/2022\/07\/ablogo.webp","contentUrl":"https:\/\/www.ablease.be\/wp-content\/uploads\/2022\/07\/ablogo.webp","width":284,"height":137,"caption":"AB Lease"},"image":{"@id":"https:\/\/www.ablease.be\/fr\/#\/schema\/logo\/image\/"}}]}},"_links":{"self":[{"href":"https:\/\/www.ablease.be\/fr\/wp-json\/wp\/v2\/product\/11909","targetHints":{"allow":["GET"]}}],"collection":[{"href":"https:\/\/www.ablease.be\/fr\/wp-json\/wp\/v2\/product"}],"about":[{"href":"https:\/\/www.ablease.be\/fr\/wp-json\/wp\/v2\/types\/product"}],"replies":[{"embeddable":true,"href":"https:\/\/www.ablease.be\/fr\/wp-json\/wp\/v2\/comments?post=11909"}],"wp:featuredmedia":[{"embeddable":true,"href":"https:\/\/www.ablease.be\/fr\/wp-json\/wp\/v2\/media\/11608"}],"wp:attachment":[{"href":"https:\/\/www.ablease.be\/fr\/wp-json\/wp\/v2\/media?parent=11909"}],"wp:term":[{"taxonomy":"product_brand","embeddable":true,"href":"https:\/\/www.ablease.be\/fr\/wp-json\/wp\/v2\/product_brand?post=11909"},{"taxonomy":"product_cat","embeddable":true,"href":"https:\/\/www.ablease.be\/fr\/wp-json\/wp\/v2\/product_cat?post=11909"},{"taxonomy":"product_tag","embeddable":true,"href":"https:\/\/www.ablease.be\/fr\/wp-json\/wp\/v2\/product_tag?post=11909"}],"curies":[{"name":"wp","href":"https:\/\/api.w.org\/{rel}","templated":true}]}}