{"id":11907,"date":"2025-10-16T13:54:43","date_gmt":"2025-10-16T12:54:43","guid":{"rendered":"https:\/\/www.ablease.be\/\/product\/volkswagen-t7-california-2-0-tsi-dsg-aut-204-hp\/"},"modified":"2026-01-07T14:12:47","modified_gmt":"2026-01-07T13:12:47","slug":"volkswagen-t7-california-2-0-tsi-dsg-aut-204-hp","status":"publish","type":"product","link":"https:\/\/www.ablease.be\/fr\/product\/volkswagen-t7-california-2-0-tsi-dsg-aut-204-hp\/","title":{"rendered":"Volkswagen T7 California 2.0 TSI DSG Aut. 204 Hp"},"content":{"rendered":"<p>D\u00e9couvrez le nouveau Volkswagen T7 California 2.0 TSI DSG Automatic avec 204 ch, un camping-car noir qui donne vie \u00e0 vos r\u00eaves de voyage. Avec son moteur puissant et sa transmission automatique, ce camping-car offre une exp\u00e9rience de conduite souple et dynamique. L&rsquo;\u00e9l\u00e9gante carrosserie noire d\u00e9gage une impression de style et de sophistication, tandis que l&rsquo;int\u00e9rieur est con\u00e7u pour offrir un confort et une fonctionnalit\u00e9 ultimes. Que vous rouliez vers l&rsquo;horizon ou que vous cherchiez un endroit idyllique pour passer la nuit, le T7 California est votre compagnon id\u00e9al pour des aventures inoubliables. Commencez votre voyage avec le Volkswagen T7 California et faites l&rsquo;exp\u00e9rience de la libert\u00e9 sur quatre roues.<\/p>\n","protected":false},"excerpt":{"rendered":"<p>D\u00e9couvrez le nouveau Volkswagen T7 California 2.0 TSI DSG Automatic avec 204 ch, un camping-car noir qui donne vie \u00e0 vos r\u00eaves de voyage. Avec son moteur puissant et sa transmission automatique, ce camping-car offre une exp\u00e9rience de conduite souple et dynamique. L&rsquo;\u00e9l\u00e9gante carrosserie noire d\u00e9gage une impression de style et de sophistication, tandis que [&hellip;]<\/p>\n","protected":false},"featured_media":2699,"comment_status":"closed","ping_status":"closed","template":"","meta":[],"product_brand":[85],"product_cat":[261,257],"product_tag":[],"class_list":{"0":"post-11907","1":"product","2":"type-product","3":"status-publish","4":"has-post-thumbnail","6":"product_brand-volkswagen","7":"product_cat-t7-california-fr","8":"product_cat-volkswagen-fr","10":"first","11":"instock","12":"shipping-taxable","13":"purchasable","14":"product-type-simple"},"yoast_head":"<!-- This site is optimized with the Yoast SEO plugin v26.5 - https:\/\/yoast.com\/wordpress\/plugins\/seo\/ -->\n<title>Volkswagen T7 California 2.0 TSI DSG Aut. 204 Hp - AB Lease<\/title>\n<meta name=\"robots\" content=\"index, follow, max-snippet:-1, max-image-preview:large, max-video-preview:-1\" \/>\n<link rel=\"canonical\" href=\"https:\/\/www.ablease.be\/fr\/product\/volkswagen-t7-california-2-0-tsi-dsg-aut-204-hp\/\" \/>\n<meta property=\"og:locale\" content=\"fr_FR\" \/>\n<meta property=\"og:type\" content=\"article\" \/>\n<meta property=\"og:title\" content=\"Volkswagen T7 California 2.0 TSI DSG Aut. 204 Hp - AB Lease\" \/>\n<meta property=\"og:description\" content=\"D\u00e9couvrez le nouveau Volkswagen T7 California 2.0 TSI DSG Automatic avec 204 ch, un camping-car noir qui donne vie \u00e0 vos r\u00eaves de voyage. Avec son moteur puissant et sa transmission automatique, ce camping-car offre une exp\u00e9rience de conduite souple et dynamique. L&rsquo;\u00e9l\u00e9gante carrosserie noire d\u00e9gage une impression de style et de sophistication, tandis que [&hellip;]\" \/>\n<meta property=\"og:url\" content=\"https:\/\/www.ablease.be\/fr\/product\/volkswagen-t7-california-2-0-tsi-dsg-aut-204-hp\/\" \/>\n<meta property=\"og:site_name\" content=\"AB Lease\" \/>\n<meta property=\"article:modified_time\" content=\"2026-01-07T13:12:47+00:00\" \/>\n<meta property=\"og:image\" content=\"https:\/\/www.ablease.be\/wp-content\/uploads\/2025\/10\/A01_ab_lease_VW_Volkswagen_California_T7_Multivan_2025-1.webp\" \/>\n\t<meta property=\"og:image:width\" content=\"1905\" \/>\n\t<meta property=\"og:image:height\" content=\"1295\" \/>\n\t<meta property=\"og:image:type\" content=\"image\/webp\" \/>\n<meta name=\"twitter:card\" content=\"summary_large_image\" \/>\n<meta name=\"twitter:label1\" content=\"Dur\u00e9e de lecture estim\u00e9e\" \/>\n\t<meta name=\"twitter:data1\" content=\"1 minute\" \/>\n<script type=\"application\/ld+json\" class=\"yoast-schema-graph\">{\"@context\":\"https:\/\/schema.org\",\"@graph\":[{\"@type\":\"WebPage\",\"@id\":\"https:\/\/www.ablease.be\/fr\/product\/volkswagen-t7-california-2-0-tsi-dsg-aut-204-hp\/\",\"url\":\"https:\/\/www.ablease.be\/fr\/product\/volkswagen-t7-california-2-0-tsi-dsg-aut-204-hp\/\",\"name\":\"Volkswagen T7 California 2.0 TSI DSG Aut. 204 Hp - AB Lease\",\"isPartOf\":{\"@id\":\"https:\/\/www.ablease.be\/fr\/#website\"},\"primaryImageOfPage\":{\"@id\":\"https:\/\/www.ablease.be\/fr\/product\/volkswagen-t7-california-2-0-tsi-dsg-aut-204-hp\/#primaryimage\"},\"image\":{\"@id\":\"https:\/\/www.ablease.be\/fr\/product\/volkswagen-t7-california-2-0-tsi-dsg-aut-204-hp\/#primaryimage\"},\"thumbnailUrl\":\"https:\/\/www.ablease.be\/wp-content\/uploads\/2025\/10\/A01_ab_lease_VW_Volkswagen_California_T7_Multivan_2025-1.webp\",\"datePublished\":\"2025-10-16T12:54:43+00:00\",\"dateModified\":\"2026-01-07T13:12:47+00:00\",\"breadcrumb\":{\"@id\":\"https:\/\/www.ablease.be\/fr\/product\/volkswagen-t7-california-2-0-tsi-dsg-aut-204-hp\/#breadcrumb\"},\"inLanguage\":\"fr-FR\",\"potentialAction\":[{\"@type\":\"ReadAction\",\"target\":[\"https:\/\/www.ablease.be\/fr\/product\/volkswagen-t7-california-2-0-tsi-dsg-aut-204-hp\/\"]}]},{\"@type\":\"ImageObject\",\"inLanguage\":\"fr-FR\",\"@id\":\"https:\/\/www.ablease.be\/fr\/product\/volkswagen-t7-california-2-0-tsi-dsg-aut-204-hp\/#primaryimage\",\"url\":\"https:\/\/www.ablease.be\/wp-content\/uploads\/2025\/10\/A01_ab_lease_VW_Volkswagen_California_T7_Multivan_2025-1.webp\",\"contentUrl\":\"https:\/\/www.ablease.be\/wp-content\/uploads\/2025\/10\/A01_ab_lease_VW_Volkswagen_California_T7_Multivan_2025-1.webp\",\"width\":1905,\"height\":1295},{\"@type\":\"BreadcrumbList\",\"@id\":\"https:\/\/www.ablease.be\/fr\/product\/volkswagen-t7-california-2-0-tsi-dsg-aut-204-hp\/#breadcrumb\",\"itemListElement\":[{\"@type\":\"ListItem\",\"position\":1,\"name\":\"Home\",\"item\":\"https:\/\/www.ablease.be\/fr\/\"},{\"@type\":\"ListItem\",\"position\":2,\"name\":\"Recherche voitures\",\"item\":\"https:\/\/www.ablease.be\/fr\/recherche-voitures\/\"},{\"@type\":\"ListItem\",\"position\":3,\"name\":\"Volkswagen T7 California 2.0 TSI DSG Aut. 204 Hp\"}]},{\"@type\":\"WebSite\",\"@id\":\"https:\/\/www.ablease.be\/fr\/#website\",\"url\":\"https:\/\/www.ablease.be\/fr\/\",\"name\":\"AB Lease\",\"description\":\"\",\"publisher\":{\"@id\":\"https:\/\/www.ablease.be\/fr\/#organization\"},\"potentialAction\":[{\"@type\":\"SearchAction\",\"target\":{\"@type\":\"EntryPoint\",\"urlTemplate\":\"https:\/\/www.ablease.be\/fr\/?s={search_term_string}\"},\"query-input\":{\"@type\":\"PropertyValueSpecification\",\"valueRequired\":true,\"valueName\":\"search_term_string\"}}],\"inLanguage\":\"fr-FR\"},{\"@type\":\"Organization\",\"@id\":\"https:\/\/www.ablease.be\/fr\/#organization\",\"name\":\"AB Lease\",\"url\":\"https:\/\/www.ablease.be\/fr\/\",\"logo\":{\"@type\":\"ImageObject\",\"inLanguage\":\"fr-FR\",\"@id\":\"https:\/\/www.ablease.be\/fr\/#\/schema\/logo\/image\/\",\"url\":\"https:\/\/www.ablease.be\/wp-content\/uploads\/2022\/07\/ablogo.webp\",\"contentUrl\":\"https:\/\/www.ablease.be\/wp-content\/uploads\/2022\/07\/ablogo.webp\",\"width\":284,\"height\":137,\"caption\":\"AB Lease\"},\"image\":{\"@id\":\"https:\/\/www.ablease.be\/fr\/#\/schema\/logo\/image\/\"}}]}<\/script>\n<!-- \/ Yoast SEO plugin. -->","yoast_head_json":{"title":"Volkswagen T7 California 2.0 TSI DSG Aut. 204 Hp - AB Lease","robots":{"index":"index","follow":"follow","max-snippet":"max-snippet:-1","max-image-preview":"max-image-preview:large","max-video-preview":"max-video-preview:-1"},"canonical":"https:\/\/www.ablease.be\/fr\/product\/volkswagen-t7-california-2-0-tsi-dsg-aut-204-hp\/","og_locale":"fr_FR","og_type":"article","og_title":"Volkswagen T7 California 2.0 TSI DSG Aut. 204 Hp - AB Lease","og_description":"D\u00e9couvrez le nouveau Volkswagen T7 California 2.0 TSI DSG Automatic avec 204 ch, un camping-car noir qui donne vie \u00e0 vos r\u00eaves de voyage. Avec son moteur puissant et sa transmission automatique, ce camping-car offre une exp\u00e9rience de conduite souple et dynamique. L&rsquo;\u00e9l\u00e9gante carrosserie noire d\u00e9gage une impression de style et de sophistication, tandis que [&hellip;]","og_url":"https:\/\/www.ablease.be\/fr\/product\/volkswagen-t7-california-2-0-tsi-dsg-aut-204-hp\/","og_site_name":"AB Lease","article_modified_time":"2026-01-07T13:12:47+00:00","og_image":[{"width":1905,"height":1295,"url":"https:\/\/www.ablease.be\/wp-content\/uploads\/2025\/10\/A01_ab_lease_VW_Volkswagen_California_T7_Multivan_2025-1.webp","type":"image\/webp"}],"twitter_card":"summary_large_image","twitter_misc":{"Dur\u00e9e de lecture estim\u00e9e":"1 minute"},"schema":{"@context":"https:\/\/schema.org","@graph":[{"@type":"WebPage","@id":"https:\/\/www.ablease.be\/fr\/product\/volkswagen-t7-california-2-0-tsi-dsg-aut-204-hp\/","url":"https:\/\/www.ablease.be\/fr\/product\/volkswagen-t7-california-2-0-tsi-dsg-aut-204-hp\/","name":"Volkswagen T7 California 2.0 TSI DSG Aut. 204 Hp - AB Lease","isPartOf":{"@id":"https:\/\/www.ablease.be\/fr\/#website"},"primaryImageOfPage":{"@id":"https:\/\/www.ablease.be\/fr\/product\/volkswagen-t7-california-2-0-tsi-dsg-aut-204-hp\/#primaryimage"},"image":{"@id":"https:\/\/www.ablease.be\/fr\/product\/volkswagen-t7-california-2-0-tsi-dsg-aut-204-hp\/#primaryimage"},"thumbnailUrl":"https:\/\/www.ablease.be\/wp-content\/uploads\/2025\/10\/A01_ab_lease_VW_Volkswagen_California_T7_Multivan_2025-1.webp","datePublished":"2025-10-16T12:54:43+00:00","dateModified":"2026-01-07T13:12:47+00:00","breadcrumb":{"@id":"https:\/\/www.ablease.be\/fr\/product\/volkswagen-t7-california-2-0-tsi-dsg-aut-204-hp\/#breadcrumb"},"inLanguage":"fr-FR","potentialAction":[{"@type":"ReadAction","target":["https:\/\/www.ablease.be\/fr\/product\/volkswagen-t7-california-2-0-tsi-dsg-aut-204-hp\/"]}]},{"@type":"ImageObject","inLanguage":"fr-FR","@id":"https:\/\/www.ablease.be\/fr\/product\/volkswagen-t7-california-2-0-tsi-dsg-aut-204-hp\/#primaryimage","url":"https:\/\/www.ablease.be\/wp-content\/uploads\/2025\/10\/A01_ab_lease_VW_Volkswagen_California_T7_Multivan_2025-1.webp","contentUrl":"https:\/\/www.ablease.be\/wp-content\/uploads\/2025\/10\/A01_ab_lease_VW_Volkswagen_California_T7_Multivan_2025-1.webp","width":1905,"height":1295},{"@type":"BreadcrumbList","@id":"https:\/\/www.ablease.be\/fr\/product\/volkswagen-t7-california-2-0-tsi-dsg-aut-204-hp\/#breadcrumb","itemListElement":[{"@type":"ListItem","position":1,"name":"Home","item":"https:\/\/www.ablease.be\/fr\/"},{"@type":"ListItem","position":2,"name":"Recherche voitures","item":"https:\/\/www.ablease.be\/fr\/recherche-voitures\/"},{"@type":"ListItem","position":3,"name":"Volkswagen T7 California 2.0 TSI DSG Aut. 204 Hp"}]},{"@type":"WebSite","@id":"https:\/\/www.ablease.be\/fr\/#website","url":"https:\/\/www.ablease.be\/fr\/","name":"AB Lease","description":"","publisher":{"@id":"https:\/\/www.ablease.be\/fr\/#organization"},"potentialAction":[{"@type":"SearchAction","target":{"@type":"EntryPoint","urlTemplate":"https:\/\/www.ablease.be\/fr\/?s={search_term_string}"},"query-input":{"@type":"PropertyValueSpecification","valueRequired":true,"valueName":"search_term_string"}}],"inLanguage":"fr-FR"},{"@type":"Organization","@id":"https:\/\/www.ablease.be\/fr\/#organization","name":"AB Lease","url":"https:\/\/www.ablease.be\/fr\/","logo":{"@type":"ImageObject","inLanguage":"fr-FR","@id":"https:\/\/www.ablease.be\/fr\/#\/schema\/logo\/image\/","url":"https:\/\/www.ablease.be\/wp-content\/uploads\/2022\/07\/ablogo.webp","contentUrl":"https:\/\/www.ablease.be\/wp-content\/uploads\/2022\/07\/ablogo.webp","width":284,"height":137,"caption":"AB Lease"},"image":{"@id":"https:\/\/www.ablease.be\/fr\/#\/schema\/logo\/image\/"}}]}},"_links":{"self":[{"href":"https:\/\/www.ablease.be\/fr\/wp-json\/wp\/v2\/product\/11907","targetHints":{"allow":["GET"]}}],"collection":[{"href":"https:\/\/www.ablease.be\/fr\/wp-json\/wp\/v2\/product"}],"about":[{"href":"https:\/\/www.ablease.be\/fr\/wp-json\/wp\/v2\/types\/product"}],"replies":[{"embeddable":true,"href":"https:\/\/www.ablease.be\/fr\/wp-json\/wp\/v2\/comments?post=11907"}],"wp:featuredmedia":[{"embeddable":true,"href":"https:\/\/www.ablease.be\/fr\/wp-json\/wp\/v2\/media\/2699"}],"wp:attachment":[{"href":"https:\/\/www.ablease.be\/fr\/wp-json\/wp\/v2\/media?parent=11907"}],"wp:term":[{"taxonomy":"product_brand","embeddable":true,"href":"https:\/\/www.ablease.be\/fr\/wp-json\/wp\/v2\/product_brand?post=11907"},{"taxonomy":"product_cat","embeddable":true,"href":"https:\/\/www.ablease.be\/fr\/wp-json\/wp\/v2\/product_cat?post=11907"},{"taxonomy":"product_tag","embeddable":true,"href":"https:\/\/www.ablease.be\/fr\/wp-json\/wp\/v2\/product_tag?post=11907"}],"curies":[{"name":"wp","href":"https:\/\/api.w.org\/{rel}","templated":true}]}}