{"id":11291,"date":"2025-02-16T12:25:32","date_gmt":"2025-02-16T11:25:32","guid":{"rendered":"https:\/\/www.ablease.be\/\/over-ons\/"},"modified":"2026-02-17T18:18:07","modified_gmt":"2026-02-17T17:18:07","slug":"over-ons","status":"publish","type":"page","link":"https:\/\/www.ablease.be\/fr\/over-ons\/","title":{"rendered":"\u00c0 propos de nous"},"content":{"rendered":"\t\t<div data-elementor-type=\"wp-page\" data-elementor-id=\"11291\" class=\"elementor elementor-11291 elementor-172\" data-elementor-post-type=\"page\">\n\t\t\t\t<div class=\"elementor-element elementor-element-39712cd e-flex e-con-boxed e-con e-parent\" data-id=\"39712cd\" data-element_type=\"container\" data-settings=\"{&quot;background_background&quot;:&quot;classic&quot;,&quot;background_motion_fx_motion_fx_scrolling&quot;:&quot;yes&quot;,&quot;background_motion_fx_translateY_effect&quot;:&quot;yes&quot;,&quot;background_motion_fx_translateY_speed&quot;:{&quot;unit&quot;:&quot;px&quot;,&quot;size&quot;:4.7,&quot;sizes&quot;:[]},&quot;background_motion_fx_translateY_affectedRange&quot;:{&quot;unit&quot;:&quot;%&quot;,&quot;size&quot;:&quot;&quot;,&quot;sizes&quot;:{&quot;start&quot;:0,&quot;end&quot;:100}},&quot;background_motion_fx_devices&quot;:[&quot;desktop&quot;,&quot;tablet&quot;,&quot;mobile&quot;]}\">\n\t\t\t\t\t<div class=\"e-con-inner\">\n\t\t<div class=\"elementor-element elementor-element-f5f0072 e-flex e-con-boxed e-con e-child\" data-id=\"f5f0072\" data-element_type=\"container\" data-settings=\"{&quot;background_background&quot;:&quot;classic&quot;,&quot;position&quot;:&quot;absolute&quot;}\">\n\t\t\t\t\t<div class=\"e-con-inner\">\n\t\t\t\t<div class=\"elementor-element elementor-element-f3159e7 elementor-widget__width-auto elementor-widget elementor-widget-heading\" data-id=\"f3159e7\" data-element_type=\"widget\" data-widget_type=\"heading.default\">\n\t\t\t\t<div class=\"elementor-widget-container\">\n\t\t\t\t\t<h1 class=\"elementor-heading-title elementor-size-default\">\u00c0 propos d'AB Lease<\/h1>\t\t\t\t<\/div>\n\t\t\t\t<\/div>\n\t\t\t\t<div class=\"elementor-element elementor-element-97ef432 elementor-widget elementor-widget-text-editor\" data-id=\"97ef432\" data-element_type=\"widget\" data-widget_type=\"text-editor.default\">\n\t\t\t\t<div class=\"elementor-widget-container\">\n\t\t\t\t\t\t\t\t\t<p><a href=\"https:\/\/www.ablease.be\/fr\/\">&gt;Home<\/a> AB Lease<\/p>\t\t\t\t\t\t\t\t<\/div>\n\t\t\t\t<\/div>\n\t\t\t\t\t<\/div>\n\t\t\t\t<\/div>\n\t\t\t\t\t<\/div>\n\t\t\t\t<\/div>\n\t\t<div class=\"elementor-element elementor-element-c36b475 e-flex e-con-boxed e-con e-parent\" data-id=\"c36b475\" data-element_type=\"container\">\n\t\t\t\t\t<div class=\"e-con-inner\">\n\t\t<div class=\"elementor-element elementor-element-7a80bdd e-con-full e-flex e-con e-child\" data-id=\"7a80bdd\" data-element_type=\"container\">\n\t\t<div class=\"elementor-element elementor-element-c4464a7 e-con-full e-flex e-con e-child\" data-id=\"c4464a7\" data-element_type=\"container\">\n\t\t\t\t<div class=\"elementor-element elementor-element-ba682d6 elementor-widget elementor-widget-image\" data-id=\"ba682d6\" data-element_type=\"widget\" data-widget_type=\"image.default\">\n\t\t\t\t<div class=\"elementor-widget-container\">\n\t\t\t\t\t\t\t\t\t\t\t\t\t\t\t<img fetchpriority=\"high\" decoding=\"async\" width=\"1905\" height=\"1072\" src=\"https:\/\/www.ablease.be\/wp-content\/uploads\/2025\/02\/AC_Cobra_AB_Lease_01.webp\" class=\"attachment-full size-full wp-image-8058\" alt=\"\" srcset=\"https:\/\/www.ablease.be\/wp-content\/uploads\/2025\/02\/AC_Cobra_AB_Lease_01.webp 1905w, https:\/\/www.ablease.be\/wp-content\/uploads\/2025\/02\/AC_Cobra_AB_Lease_01-300x169.webp 300w, https:\/\/www.ablease.be\/wp-content\/uploads\/2025\/02\/AC_Cobra_AB_Lease_01-1024x576.webp 1024w, https:\/\/www.ablease.be\/wp-content\/uploads\/2025\/02\/AC_Cobra_AB_Lease_01-768x432.webp 768w, https:\/\/www.ablease.be\/wp-content\/uploads\/2025\/02\/AC_Cobra_AB_Lease_01-1536x864.webp 1536w, https:\/\/www.ablease.be\/wp-content\/uploads\/2025\/02\/AC_Cobra_AB_Lease_01-625x351.webp 625w, https:\/\/www.ablease.be\/wp-content\/uploads\/2025\/02\/AC_Cobra_AB_Lease_01-600x338.webp 600w\" sizes=\"(max-width: 1905px) 100vw, 1905px\" \/>\t\t\t\t\t\t\t\t\t\t\t\t\t\t\t<\/div>\n\t\t\t\t<\/div>\n\t\t\t\t<\/div>\n\t\t<div class=\"elementor-element elementor-element-796d2b5 e-con-full e-flex e-con e-child\" data-id=\"796d2b5\" data-element_type=\"container\">\n\t\t\t\t<div class=\"elementor-element elementor-element-f4a78b4 elementor-widget elementor-widget-heading\" data-id=\"f4a78b4\" data-element_type=\"widget\" data-widget_type=\"heading.default\">\n\t\t\t\t<div class=\"elementor-widget-container\">\n\t\t\t\t\t<h2 class=\"elementor-heading-title elementor-size-default\">Qui sommes-nous ?<\/h2>\t\t\t\t<\/div>\n\t\t\t\t<\/div>\n\t\t\t\t<div class=\"elementor-element elementor-element-57c604a elementor-widget elementor-widget-heading\" data-id=\"57c604a\" data-element_type=\"widget\" data-widget_type=\"heading.default\">\n\t\t\t\t<div class=\"elementor-widget-container\">\n\t\t\t\t\t<h2 class=\"elementor-heading-title elementor-size-default\">Plus sur AB Lease<\/h2>\t\t\t\t<\/div>\n\t\t\t\t<\/div>\n\t\t\t\t<div class=\"elementor-element elementor-element-5c21e01 elementor-widget elementor-widget-text-editor\" data-id=\"5c21e01\" data-element_type=\"widget\" data-widget_type=\"text-editor.default\">\n\t\t\t\t<div class=\"elementor-widget-container\">\n\t\t\t\t\t\t\t\t\t<p>AB Lease est une entreprise familiale ind\u00e9pendante qui propose un taux attractif pour les v\u00e9hicules neufs ainsi que pour les jeunes voitures d&rsquo;occasion de diverses marques et cat\u00e9gories. Avec plus de 40 ans d&rsquo;exp\u00e9rience, nous sommes un partenaire fiable dans le monde du leasing automobile.<\/p><p>Notre conseiller en leasing est l\u00e0 pour r\u00e9pondre \u00e0 toutes vos questions et vous offrir une proposition de leasing ou de location sur mesure et sans engagement. Vous recherchez un mod\u00e8le sp\u00e9cifique avec certaines options ? Pas de probl\u00e8me, nous le trouverons rapidement pour vous !<\/p><p>Nous vous invitons cordialement \u00e0 une conversation sans engagement et sans obligation.<\/p>\t\t\t\t\t\t\t\t<\/div>\n\t\t\t\t<\/div>\n\t\t\t\t<div class=\"elementor-element elementor-element-8931a43 elementor-widget elementor-widget-button\" data-id=\"8931a43\" data-element_type=\"widget\" data-widget_type=\"button.default\">\n\t\t\t\t<div class=\"elementor-widget-container\">\n\t\t\t\t\t\t\t\t\t<div class=\"elementor-button-wrapper\">\n\t\t\t\t\t<a class=\"elementor-button elementor-button-link elementor-size-sm\" href=\"https:\/\/www.ablease.be\/fr\/contact\/\">\n\t\t\t\t\t\t<span class=\"elementor-button-content-wrapper\">\n\t\t\t\t\t\t\t\t\t<span class=\"elementor-button-text\">Contactez AB Lease<\/span>\n\t\t\t\t\t<\/span>\n\t\t\t\t\t<\/a>\n\t\t\t\t<\/div>\n\t\t\t\t\t\t\t\t<\/div>\n\t\t\t\t<\/div>\n\t\t\t\t<\/div>\n\t\t\t\t<\/div>\n\t\t\t\t\t<\/div>\n\t\t\t\t<\/div>\n\t\t<div class=\"elementor-element elementor-element-36f7ffc e-flex e-con-boxed e-con e-parent\" data-id=\"36f7ffc\" data-element_type=\"container\" data-settings=\"{&quot;background_background&quot;:&quot;classic&quot;}\">\n\t\t\t\t\t<div class=\"e-con-inner\">\n\t\t<div class=\"elementor-element elementor-element-c266bfb e-con-full e-flex e-con e-child\" data-id=\"c266bfb\" data-element_type=\"container\">\n\t\t<div class=\"elementor-element elementor-element-b3d1848 e-con-full e-flex e-con e-child\" data-id=\"b3d1848\" data-element_type=\"container\">\n\t\t\t\t<div class=\"elementor-element elementor-element-24ec00a elementor-absolute elementor-widget elementor-widget-image\" data-id=\"24ec00a\" data-element_type=\"widget\" data-settings=\"{&quot;_position&quot;:&quot;absolute&quot;}\" data-widget_type=\"image.default\">\n\t\t\t\t<div class=\"elementor-widget-container\">\n\t\t\t\t\t\t\t\t\t\t\t\t\t\t\t<img decoding=\"async\" width=\"767\" height=\"1536\" src=\"https:\/\/www.ablease.be\/wp-content\/uploads\/2025\/02\/Cobra-gtr-top-view-1-767x1536.webp\" class=\"attachment-1536x1536 size-1536x1536 wp-image-394\" alt=\"\" srcset=\"https:\/\/www.ablease.be\/wp-content\/uploads\/2025\/02\/Cobra-gtr-top-view-1-767x1536.webp 767w, https:\/\/www.ablease.be\/wp-content\/uploads\/2025\/02\/Cobra-gtr-top-view-1-scaled-300x600.webp 300w, https:\/\/www.ablease.be\/wp-content\/uploads\/2025\/02\/Cobra-gtr-top-view-1-scaled-600x1201.webp 600w, https:\/\/www.ablease.be\/wp-content\/uploads\/2025\/02\/Cobra-gtr-top-view-1-150x300.webp 150w, https:\/\/www.ablease.be\/wp-content\/uploads\/2025\/02\/Cobra-gtr-top-view-1-511x1024.webp 511w, https:\/\/www.ablease.be\/wp-content\/uploads\/2025\/02\/Cobra-gtr-top-view-1-768x1538.webp 768w, https:\/\/www.ablease.be\/wp-content\/uploads\/2025\/02\/Cobra-gtr-top-view-1-1023x2048.webp 1023w, https:\/\/www.ablease.be\/wp-content\/uploads\/2025\/02\/Cobra-gtr-top-view-1-scaled.webp 1279w\" sizes=\"(max-width: 767px) 100vw, 767px\" \/>\t\t\t\t\t\t\t\t\t\t\t\t\t\t\t<\/div>\n\t\t\t\t<\/div>\n\t\t\t\t<\/div>\n\t\t<div class=\"elementor-element elementor-element-c9215eb e-con-full e-flex e-con e-child\" data-id=\"c9215eb\" data-element_type=\"container\">\n\t\t\t\t<div class=\"elementor-element elementor-element-19e661e elementor-widget elementor-widget-heading\" data-id=\"19e661e\" data-element_type=\"widget\" data-widget_type=\"heading.default\">\n\t\t\t\t<div class=\"elementor-widget-container\">\n\t\t\t\t\t<h2 class=\"elementor-heading-title elementor-size-default\">Avantages<\/h2>\t\t\t\t<\/div>\n\t\t\t\t<\/div>\n\t\t\t\t<div class=\"elementor-element elementor-element-73c14f4 elementor-widget elementor-widget-heading\" data-id=\"73c14f4\" data-element_type=\"widget\" data-widget_type=\"heading.default\">\n\t\t\t\t<div class=\"elementor-widget-container\">\n\t\t\t\t\t<h2 class=\"elementor-heading-title elementor-size-default\">QUALITY CARS FOR QUALITY DRIVERS<\/h2>\t\t\t\t<\/div>\n\t\t\t\t<\/div>\n\t\t\t\t<div class=\"elementor-element elementor-element-c4ea4b5 elementor-widget elementor-widget-text-editor\" data-id=\"c4ea4b5\" data-element_type=\"widget\" data-widget_type=\"text-editor.default\">\n\t\t\t\t<div class=\"elementor-widget-container\">\n\t\t\t\t\t\t\t\t\t<ul><li>Accompagnement personnalis\u00e9 : Notre \u00e9quipe professionnelle est \u00e0 votre \u00e9coute pour vous conseiller et vous accompagner.<\/li><li>V\u00e9hicules disponibles imm\u00e9diatement : Profitez d&rsquo;une large s\u00e9lection de voitures de diff\u00e9rentes marques, pr\u00eates \u00e0 prendre la route !<\/li><li>Options pour tous les budgets : Que vous recherchiez une voiture neuve ou une jeune voiture d&rsquo;occasion, nous avons ce qu&rsquo;il vous faut.<\/li><li>Des voitures d&rsquo;occasion r\u00e9centes sont \u00e9galement disponibles avec la taxe de mise en circulation (TMC) d\u00e9j\u00e0 pay\u00e9e.<\/li><li>Propositions sur mesure : Vous avez rep\u00e9r\u00e9 un v\u00e9hicule ailleurs ? Nous pouvons vous faire une offre \u00e0 des conditions tr\u00e8s avantageuses.<\/li><li>D\u00e9cision de cr\u00e9dit rapide : Obtenez une r\u00e9ponse rapide pour votre financement.<\/li><li>Libert\u00e9 de choix : Choisissez votre courtier en assurances selon vos pr\u00e9f\u00e9rences.<\/li><li>Assistance \u00e0 la vente : Nous vous aidons \u00e0 vendre votre ancien v\u00e9hicule si n\u00e9cessaire.<\/li><li>Livraison rapide : Recevez votre v\u00e9hicule choisi dans les meilleurs d\u00e9lais.<br><\/li><\/ul>\t\t\t\t\t\t\t\t<\/div>\n\t\t\t\t<\/div>\n\t\t\t\t<\/div>\n\t\t\t\t<\/div>\n\t\t\t\t\t<\/div>\n\t\t\t\t<\/div>\n\t\t<div class=\"elementor-element elementor-element-5511728 e-flex e-con-boxed e-con e-parent\" data-id=\"5511728\" data-element_type=\"container\">\n\t\t\t\t\t<div class=\"e-con-inner\">\n\t\t<div class=\"elementor-element elementor-element-3e8a200 e-con-full e-flex e-con e-child\" data-id=\"3e8a200\" data-element_type=\"container\">\n\t\t<div class=\"elementor-element elementor-element-a327b79 e-con-full e-flex e-con e-child\" data-id=\"a327b79\" data-element_type=\"container\">\n\t\t\t\t<div class=\"elementor-element elementor-element-4ebd5eb elementor-widget elementor-widget-image\" data-id=\"4ebd5eb\" data-element_type=\"widget\" data-widget_type=\"image.default\">\n\t\t\t\t<div class=\"elementor-widget-container\">\n\t\t\t\t\t\t\t\t\t\t\t\t\t\t\t<img decoding=\"async\" width=\"284\" height=\"137\" src=\"https:\/\/www.ablease.be\/wp-content\/uploads\/2022\/07\/ablogo.webp\" class=\"attachment-large size-large wp-image-185\" alt=\"\" \/>\t\t\t\t\t\t\t\t\t\t\t\t\t\t\t<\/div>\n\t\t\t\t<\/div>\n\t\t\t\t<\/div>\n\t\t<div class=\"elementor-element elementor-element-eeea9ee e-con-full e-flex e-con e-child\" data-id=\"eeea9ee\" data-element_type=\"container\" data-settings=\"{&quot;background_background&quot;:&quot;classic&quot;}\">\n\t\t<div class=\"elementor-element elementor-element-bfbd3f9 e-con-full e-flex e-con e-child\" data-id=\"bfbd3f9\" data-element_type=\"container\">\n\t\t\t\t<div class=\"elementor-element elementor-element-03be642 elementor-widget elementor-widget-heading\" data-id=\"03be642\" data-element_type=\"widget\" data-widget_type=\"heading.default\">\n\t\t\t\t<div class=\"elementor-widget-container\">\n\t\t\t\t\t<h2 class=\"elementor-heading-title elementor-size-default\">Que pouvez-vous financer en leasing chez AB Lease ?<\/h2>\t\t\t\t<\/div>\n\t\t\t\t<\/div>\n\t\t\t\t<div class=\"elementor-element elementor-element-4b95380 elementor-widget elementor-widget-text-editor\" data-id=\"4b95380\" data-element_type=\"widget\" data-widget_type=\"text-editor.default\">\n\t\t\t\t<div class=\"elementor-widget-container\">\n\t\t\t\t\t\t\t\t\t<ul><li>Voitures neuves<\/li><li>Jeunes voitures d&rsquo;occasion<\/li><li>V\u00e9hicules Utilitaires l\u00e9ger<\/li><li>Camping-cars<\/li><li>V\u00e9los \u00e9lectriques (Uniquement pour les clients existants.)<\/li><li>Motos<\/li><li>Bateaux de plaisance<\/li><li>Attractions foraines (Uniquement pour les clients existants.)<\/li><\/ul>\t\t\t\t\t\t\t\t<\/div>\n\t\t\t\t<\/div>\n\t\t\t\t<div class=\"elementor-element elementor-element-abc4f8b elementor-widget elementor-widget-button\" data-id=\"abc4f8b\" data-element_type=\"widget\" data-widget_type=\"button.default\">\n\t\t\t\t<div class=\"elementor-widget-container\">\n\t\t\t\t\t\t\t\t\t<div class=\"elementor-button-wrapper\">\n\t\t\t\t\t<a class=\"elementor-button elementor-button-link elementor-size-sm\" href=\"https:\/\/www.ablease.be\/fr\/contact\/\">\n\t\t\t\t\t\t<span class=\"elementor-button-content-wrapper\">\n\t\t\t\t\t\t\t\t\t<span class=\"elementor-button-text\">Demandez votre offre de prix<\/span>\n\t\t\t\t\t<\/span>\n\t\t\t\t\t<\/a>\n\t\t\t\t<\/div>\n\t\t\t\t\t\t\t\t<\/div>\n\t\t\t\t<\/div>\n\t\t\t\t<\/div>\n\t\t\t\t<\/div>\n\t\t\t\t<\/div>\n\t\t\t\t\t<\/div>\n\t\t\t\t<\/div>\n\t\t<div class=\"elementor-element elementor-element-6775be4 e-flex e-con-boxed e-con e-parent\" data-id=\"6775be4\" data-element_type=\"container\">\n\t\t\t\t\t<div class=\"e-con-inner\">\n\t\t\t\t<div class=\"elementor-element elementor-element-7e6825a elementor-widget elementor-widget-image\" data-id=\"7e6825a\" data-element_type=\"widget\" data-widget_type=\"image.default\">\n\t\t\t\t<div class=\"elementor-widget-container\">\n\t\t\t\t\t\t\t\t\t\t\t\t\t\t\t<img loading=\"lazy\" decoding=\"async\" width=\"1024\" height=\"576\" src=\"https:\/\/www.ablease.be\/wp-content\/uploads\/2025\/02\/AC_Cobra_AB_Lease-1024x576.webp\" class=\"attachment-large size-large wp-image-8056\" alt=\"\" srcset=\"https:\/\/www.ablease.be\/wp-content\/uploads\/2025\/02\/AC_Cobra_AB_Lease-1024x576.webp 1024w, https:\/\/www.ablease.be\/wp-content\/uploads\/2025\/02\/AC_Cobra_AB_Lease-300x169.webp 300w, https:\/\/www.ablease.be\/wp-content\/uploads\/2025\/02\/AC_Cobra_AB_Lease-768x432.webp 768w, https:\/\/www.ablease.be\/wp-content\/uploads\/2025\/02\/AC_Cobra_AB_Lease-1536x864.webp 1536w, https:\/\/www.ablease.be\/wp-content\/uploads\/2025\/02\/AC_Cobra_AB_Lease-625x351.webp 625w, https:\/\/www.ablease.be\/wp-content\/uploads\/2025\/02\/AC_Cobra_AB_Lease-600x338.webp 600w, https:\/\/www.ablease.be\/wp-content\/uploads\/2025\/02\/AC_Cobra_AB_Lease.webp 1950w\" sizes=\"(max-width: 1024px) 100vw, 1024px\" \/>\t\t\t\t\t\t\t\t\t\t\t\t\t\t\t<\/div>\n\t\t\t\t<\/div>\n\t\t\t\t\t<\/div>\n\t\t\t\t<\/div>\n\t\t<div class=\"elementor-element elementor-element-3f5ec3e e-flex e-con-boxed e-con e-parent\" data-id=\"3f5ec3e\" data-element_type=\"container\">\n\t\t\t\t\t<div class=\"e-con-inner\">\n\t\t\t\t\t<\/div>\n\t\t\t\t<\/div>\n\t\t\t\t<\/div>\n\t\t","protected":false},"excerpt":{"rendered":"<p>\u00c0 propos d&rsquo;AB Lease &gt;Home AB Lease Qui sommes-nous ? Plus sur AB Lease AB Lease est une entreprise familiale ind\u00e9pendante qui propose un taux attractif pour les v\u00e9hicules neufs ainsi que pour les jeunes voitures d&rsquo;occasion de diverses marques et cat\u00e9gories. Avec plus de 40 ans d&rsquo;exp\u00e9rience, nous sommes un partenaire fiable dans le [&hellip;]<\/p>\n","protected":false},"author":3,"featured_media":0,"parent":0,"menu_order":0,"comment_status":"closed","ping_status":"closed","template":"","meta":{"footnotes":""},"class_list":["post-11291","page","type-page","status-publish","hentry"],"yoast_head":"<!-- This site is optimized with the Yoast SEO plugin v26.5 - https:\/\/yoast.com\/wordpress\/plugins\/seo\/ -->\n<title>\u00c0 propos de nous - AB Lease<\/title>\n<meta name=\"robots\" content=\"index, follow, max-snippet:-1, max-image-preview:large, max-video-preview:-1\" \/>\n<link rel=\"canonical\" href=\"https:\/\/www.ablease.be\/fr\/over-ons\/\" \/>\n<meta property=\"og:locale\" content=\"fr_FR\" \/>\n<meta property=\"og:type\" content=\"article\" \/>\n<meta property=\"og:title\" content=\"\u00c0 propos de nous - AB Lease\" \/>\n<meta property=\"og:description\" content=\"\u00c0 propos d&rsquo;AB Lease &gt;Home AB Lease Qui sommes-nous ? Plus sur AB Lease AB Lease est une entreprise familiale ind\u00e9pendante qui propose un taux attractif pour les v\u00e9hicules neufs ainsi que pour les jeunes voitures d&rsquo;occasion de diverses marques et cat\u00e9gories. Avec plus de 40 ans d&rsquo;exp\u00e9rience, nous sommes un partenaire fiable dans le [&hellip;]\" \/>\n<meta property=\"og:url\" content=\"https:\/\/www.ablease.be\/fr\/over-ons\/\" \/>\n<meta property=\"og:site_name\" content=\"AB Lease\" \/>\n<meta property=\"article:modified_time\" content=\"2026-02-17T17:18:07+00:00\" \/>\n<meta property=\"og:image\" content=\"https:\/\/www.ablease.be\/wp-content\/uploads\/2025\/02\/AC_Cobra_AB_Lease_01.webp\" \/>\n\t<meta property=\"og:image:width\" content=\"1905\" \/>\n\t<meta property=\"og:image:height\" content=\"1072\" \/>\n\t<meta property=\"og:image:type\" content=\"image\/webp\" \/>\n<meta name=\"twitter:card\" content=\"summary_large_image\" \/>\n<meta name=\"twitter:label1\" content=\"Dur\u00e9e de lecture estim\u00e9e\" \/>\n\t<meta name=\"twitter:data1\" content=\"3 minutes\" \/>\n<script type=\"application\/ld+json\" class=\"yoast-schema-graph\">{\"@context\":\"https:\/\/schema.org\",\"@graph\":[{\"@type\":\"WebPage\",\"@id\":\"https:\/\/www.ablease.be\/fr\/over-ons\/\",\"url\":\"https:\/\/www.ablease.be\/fr\/over-ons\/\",\"name\":\"\u00c0 propos de nous - AB Lease\",\"isPartOf\":{\"@id\":\"https:\/\/www.ablease.be\/fr\/#website\"},\"primaryImageOfPage\":{\"@id\":\"https:\/\/www.ablease.be\/fr\/over-ons\/#primaryimage\"},\"image\":{\"@id\":\"https:\/\/www.ablease.be\/fr\/over-ons\/#primaryimage\"},\"thumbnailUrl\":\"https:\/\/www.ablease.be\/wp-content\/uploads\/2025\/02\/AC_Cobra_AB_Lease_01.webp\",\"datePublished\":\"2025-02-16T11:25:32+00:00\",\"dateModified\":\"2026-02-17T17:18:07+00:00\",\"breadcrumb\":{\"@id\":\"https:\/\/www.ablease.be\/fr\/over-ons\/#breadcrumb\"},\"inLanguage\":\"fr-FR\",\"potentialAction\":[{\"@type\":\"ReadAction\",\"target\":[\"https:\/\/www.ablease.be\/fr\/over-ons\/\"]}]},{\"@type\":\"ImageObject\",\"inLanguage\":\"fr-FR\",\"@id\":\"https:\/\/www.ablease.be\/fr\/over-ons\/#primaryimage\",\"url\":\"https:\/\/www.ablease.be\/wp-content\/uploads\/2025\/02\/AC_Cobra_AB_Lease_01.webp\",\"contentUrl\":\"https:\/\/www.ablease.be\/wp-content\/uploads\/2025\/02\/AC_Cobra_AB_Lease_01.webp\"},{\"@type\":\"BreadcrumbList\",\"@id\":\"https:\/\/www.ablease.be\/fr\/over-ons\/#breadcrumb\",\"itemListElement\":[{\"@type\":\"ListItem\",\"position\":1,\"name\":\"Home\",\"item\":\"https:\/\/www.ablease.be\/fr\/\"},{\"@type\":\"ListItem\",\"position\":2,\"name\":\"\u00c0 propos de nous\"}]},{\"@type\":\"WebSite\",\"@id\":\"https:\/\/www.ablease.be\/fr\/#website\",\"url\":\"https:\/\/www.ablease.be\/fr\/\",\"name\":\"AB Lease\",\"description\":\"\",\"publisher\":{\"@id\":\"https:\/\/www.ablease.be\/fr\/#organization\"},\"potentialAction\":[{\"@type\":\"SearchAction\",\"target\":{\"@type\":\"EntryPoint\",\"urlTemplate\":\"https:\/\/www.ablease.be\/fr\/?s={search_term_string}\"},\"query-input\":{\"@type\":\"PropertyValueSpecification\",\"valueRequired\":true,\"valueName\":\"search_term_string\"}}],\"inLanguage\":\"fr-FR\"},{\"@type\":\"Organization\",\"@id\":\"https:\/\/www.ablease.be\/fr\/#organization\",\"name\":\"AB Lease\",\"url\":\"https:\/\/www.ablease.be\/fr\/\",\"logo\":{\"@type\":\"ImageObject\",\"inLanguage\":\"fr-FR\",\"@id\":\"https:\/\/www.ablease.be\/fr\/#\/schema\/logo\/image\/\",\"url\":\"https:\/\/www.ablease.be\/wp-content\/uploads\/2022\/07\/ablogo.webp\",\"contentUrl\":\"https:\/\/www.ablease.be\/wp-content\/uploads\/2022\/07\/ablogo.webp\",\"width\":284,\"height\":137,\"caption\":\"AB Lease\"},\"image\":{\"@id\":\"https:\/\/www.ablease.be\/fr\/#\/schema\/logo\/image\/\"}}]}<\/script>\n<!-- \/ Yoast SEO plugin. -->","yoast_head_json":{"title":"\u00c0 propos de nous - AB Lease","robots":{"index":"index","follow":"follow","max-snippet":"max-snippet:-1","max-image-preview":"max-image-preview:large","max-video-preview":"max-video-preview:-1"},"canonical":"https:\/\/www.ablease.be\/fr\/over-ons\/","og_locale":"fr_FR","og_type":"article","og_title":"\u00c0 propos de nous - AB Lease","og_description":"\u00c0 propos d&rsquo;AB Lease &gt;Home AB Lease Qui sommes-nous ? Plus sur AB Lease AB Lease est une entreprise familiale ind\u00e9pendante qui propose un taux attractif pour les v\u00e9hicules neufs ainsi que pour les jeunes voitures d&rsquo;occasion de diverses marques et cat\u00e9gories. Avec plus de 40 ans d&rsquo;exp\u00e9rience, nous sommes un partenaire fiable dans le [&hellip;]","og_url":"https:\/\/www.ablease.be\/fr\/over-ons\/","og_site_name":"AB Lease","article_modified_time":"2026-02-17T17:18:07+00:00","og_image":[{"width":1905,"height":1072,"url":"https:\/\/www.ablease.be\/wp-content\/uploads\/2025\/02\/AC_Cobra_AB_Lease_01.webp","type":"image\/webp"}],"twitter_card":"summary_large_image","twitter_misc":{"Dur\u00e9e de lecture estim\u00e9e":"3 minutes"},"schema":{"@context":"https:\/\/schema.org","@graph":[{"@type":"WebPage","@id":"https:\/\/www.ablease.be\/fr\/over-ons\/","url":"https:\/\/www.ablease.be\/fr\/over-ons\/","name":"\u00c0 propos de nous - AB Lease","isPartOf":{"@id":"https:\/\/www.ablease.be\/fr\/#website"},"primaryImageOfPage":{"@id":"https:\/\/www.ablease.be\/fr\/over-ons\/#primaryimage"},"image":{"@id":"https:\/\/www.ablease.be\/fr\/over-ons\/#primaryimage"},"thumbnailUrl":"https:\/\/www.ablease.be\/wp-content\/uploads\/2025\/02\/AC_Cobra_AB_Lease_01.webp","datePublished":"2025-02-16T11:25:32+00:00","dateModified":"2026-02-17T17:18:07+00:00","breadcrumb":{"@id":"https:\/\/www.ablease.be\/fr\/over-ons\/#breadcrumb"},"inLanguage":"fr-FR","potentialAction":[{"@type":"ReadAction","target":["https:\/\/www.ablease.be\/fr\/over-ons\/"]}]},{"@type":"ImageObject","inLanguage":"fr-FR","@id":"https:\/\/www.ablease.be\/fr\/over-ons\/#primaryimage","url":"https:\/\/www.ablease.be\/wp-content\/uploads\/2025\/02\/AC_Cobra_AB_Lease_01.webp","contentUrl":"https:\/\/www.ablease.be\/wp-content\/uploads\/2025\/02\/AC_Cobra_AB_Lease_01.webp"},{"@type":"BreadcrumbList","@id":"https:\/\/www.ablease.be\/fr\/over-ons\/#breadcrumb","itemListElement":[{"@type":"ListItem","position":1,"name":"Home","item":"https:\/\/www.ablease.be\/fr\/"},{"@type":"ListItem","position":2,"name":"\u00c0 propos de nous"}]},{"@type":"WebSite","@id":"https:\/\/www.ablease.be\/fr\/#website","url":"https:\/\/www.ablease.be\/fr\/","name":"AB Lease","description":"","publisher":{"@id":"https:\/\/www.ablease.be\/fr\/#organization"},"potentialAction":[{"@type":"SearchAction","target":{"@type":"EntryPoint","urlTemplate":"https:\/\/www.ablease.be\/fr\/?s={search_term_string}"},"query-input":{"@type":"PropertyValueSpecification","valueRequired":true,"valueName":"search_term_string"}}],"inLanguage":"fr-FR"},{"@type":"Organization","@id":"https:\/\/www.ablease.be\/fr\/#organization","name":"AB Lease","url":"https:\/\/www.ablease.be\/fr\/","logo":{"@type":"ImageObject","inLanguage":"fr-FR","@id":"https:\/\/www.ablease.be\/fr\/#\/schema\/logo\/image\/","url":"https:\/\/www.ablease.be\/wp-content\/uploads\/2022\/07\/ablogo.webp","contentUrl":"https:\/\/www.ablease.be\/wp-content\/uploads\/2022\/07\/ablogo.webp","width":284,"height":137,"caption":"AB Lease"},"image":{"@id":"https:\/\/www.ablease.be\/fr\/#\/schema\/logo\/image\/"}}]}},"_links":{"self":[{"href":"https:\/\/www.ablease.be\/fr\/wp-json\/wp\/v2\/pages\/11291","targetHints":{"allow":["GET"]}}],"collection":[{"href":"https:\/\/www.ablease.be\/fr\/wp-json\/wp\/v2\/pages"}],"about":[{"href":"https:\/\/www.ablease.be\/fr\/wp-json\/wp\/v2\/types\/page"}],"author":[{"embeddable":true,"href":"https:\/\/www.ablease.be\/fr\/wp-json\/wp\/v2\/users\/3"}],"replies":[{"embeddable":true,"href":"https:\/\/www.ablease.be\/fr\/wp-json\/wp\/v2\/comments?post=11291"}],"version-history":[{"count":22,"href":"https:\/\/www.ablease.be\/fr\/wp-json\/wp\/v2\/pages\/11291\/revisions"}],"predecessor-version":[{"id":13763,"href":"https:\/\/www.ablease.be\/fr\/wp-json\/wp\/v2\/pages\/11291\/revisions\/13763"}],"wp:attachment":[{"href":"https:\/\/www.ablease.be\/fr\/wp-json\/wp\/v2\/media?parent=11291"}],"curies":[{"name":"wp","href":"https:\/\/api.w.org\/{rel}","templated":true}]}}